{"id":186103,"date":"2024-02-29T15:50:55","date_gmt":"2024-02-29T18:50:55","guid":{"rendered":"https:\/\/tiendaomega.com.ar\/wp\/producto\/memoria-sodimm-8-gb-ddr4-hp-s1-2666mhz\/"},"modified":"2025-10-02T10:40:30","modified_gmt":"2025-10-02T13:40:30","slug":"memoria-sodimm-8-gb-ddr4-hp-s1-2666mhz","status":"publish","type":"product","link":"https:\/\/tiendaomega.com.ar\/wp\/producto\/memoria-sodimm-8-gb-ddr4-hp-s1-2666mhz\/","title":{"rendered":"MEMORIA SODIMM DDR4 8 GB HP S1 2666MHZ"},"content":{"rendered":"<p>Descripci\u00f3n7EH98AAGarant\u00eda: 60 meses &#8211; EAN: 6955914606104Informaci\u00f3n T\u00e9cnicaTipo de memoria DDR4Capacidad total 8GBVelocidad de acceso 2666MHzVoltios 1.2<\/p>\n","protected":false},"excerpt":{"rendered":"<p>MEMORIA SODIMM DDR4 8 GB HP S1 2666MHZ<\/p>\n","protected":false},"featured_media":186940,"template":"","meta":{"_joinchat":[]},"product_brand":[],"product_cat":[224,225],"product_tag":[],"class_list":{"0":"post-186103","1":"product","2":"type-product","3":"status-publish","4":"has-post-thumbnail","6":"product_cat-componentes-de-pc","7":"product_cat-memorias-ram","9":"first","10":"outofstock","11":"shipping-taxable","12":"purchasable","13":"product-type-simple"},"_links":{"self":[{"href":"https:\/\/tiendaomega.com.ar\/wp\/wp-json\/wp\/v2\/product\/186103","targetHints":{"allow":["GET"]}}],"collection":[{"href":"https:\/\/tiendaomega.com.ar\/wp\/wp-json\/wp\/v2\/product"}],"about":[{"href":"https:\/\/tiendaomega.com.ar\/wp\/wp-json\/wp\/v2\/types\/product"}],"wp:featuredmedia":[{"embeddable":true,"href":"https:\/\/tiendaomega.com.ar\/wp\/wp-json\/wp\/v2\/media\/186940"}],"wp:attachment":[{"href":"https:\/\/tiendaomega.com.ar\/wp\/wp-json\/wp\/v2\/media?parent=186103"}],"wp:term":[{"taxonomy":"product_brand","embeddable":true,"href":"https:\/\/tiendaomega.com.ar\/wp\/wp-json\/wp\/v2\/product_brand?post=186103"},{"taxonomy":"product_cat","embeddable":true,"href":"https:\/\/tiendaomega.com.ar\/wp\/wp-json\/wp\/v2\/product_cat?post=186103"},{"taxonomy":"product_tag","embeddable":true,"href":"https:\/\/tiendaomega.com.ar\/wp\/wp-json\/wp\/v2\/product_tag?post=186103"}],"curies":[{"name":"wp","href":"https:\/\/api.w.org\/{rel}","templated":true}]}}