{"id":186104,"date":"2024-02-29T15:50:59","date_gmt":"2024-02-29T18:50:59","guid":{"rendered":"https:\/\/tiendaomega.com.ar\/wp\/producto\/memoria-udimm-8-gb-ddr4-hp-v2-3200mhz\/"},"modified":"2025-10-02T12:04:25","modified_gmt":"2025-10-02T15:04:25","slug":"memoria-udimm-8-gb-ddr4-hp-v2-3200mhz","status":"publish","type":"product","link":"https:\/\/tiendaomega.com.ar\/wp\/producto\/memoria-udimm-8-gb-ddr4-hp-v2-3200mhz\/","title":{"rendered":"MEMORIA UDIMM DDR4 8 GB HP V2  3200MHZ"},"content":{"rendered":"<p>Caracter\u00edsticas y especificacionesHP Memoria DDR4 8Gb 3200Mhz V2 18X15AA#ABBCaracter\u00edsticas generalesMarca: HPL\u00ednea: V2Modelo: 18X15AAM\u00f3dulos de memoria RAM: 1Capacidad total: 8 GBColor: NegroEspecificacionesTecnolog\u00eda de la memoria RAM: DDR4Formato de la memoria RAM: UDIMMVelocidad de la memoria RAM: 3200 MHz<\/p>\n","protected":false},"excerpt":{"rendered":"<p>MEMORIA UDIMM DDR4 8 GB HP V2  3200MHZ<\/p>\n","protected":false},"featured_media":186119,"template":"","meta":{"_joinchat":[]},"product_brand":[],"product_cat":[224,225],"product_tag":[],"class_list":{"0":"post-186104","1":"product","2":"type-product","3":"status-publish","4":"has-post-thumbnail","6":"product_cat-componentes-de-pc","7":"product_cat-memorias-ram","9":"first","10":"outofstock","11":"shipping-taxable","12":"purchasable","13":"product-type-simple"},"_links":{"self":[{"href":"https:\/\/tiendaomega.com.ar\/wp\/wp-json\/wp\/v2\/product\/186104","targetHints":{"allow":["GET"]}}],"collection":[{"href":"https:\/\/tiendaomega.com.ar\/wp\/wp-json\/wp\/v2\/product"}],"about":[{"href":"https:\/\/tiendaomega.com.ar\/wp\/wp-json\/wp\/v2\/types\/product"}],"wp:featuredmedia":[{"embeddable":true,"href":"https:\/\/tiendaomega.com.ar\/wp\/wp-json\/wp\/v2\/media\/186119"}],"wp:attachment":[{"href":"https:\/\/tiendaomega.com.ar\/wp\/wp-json\/wp\/v2\/media?parent=186104"}],"wp:term":[{"taxonomy":"product_brand","embeddable":true,"href":"https:\/\/tiendaomega.com.ar\/wp\/wp-json\/wp\/v2\/product_brand?post=186104"},{"taxonomy":"product_cat","embeddable":true,"href":"https:\/\/tiendaomega.com.ar\/wp\/wp-json\/wp\/v2\/product_cat?post=186104"},{"taxonomy":"product_tag","embeddable":true,"href":"https:\/\/tiendaomega.com.ar\/wp\/wp-json\/wp\/v2\/product_tag?post=186104"}],"curies":[{"name":"wp","href":"https:\/\/api.w.org\/{rel}","templated":true}]}}