{"id":186357,"date":"2024-03-20T17:49:36","date_gmt":"2024-03-20T20:49:36","guid":{"rendered":"https:\/\/tiendaomega.com.ar\/wp\/producto\/notebook-hp-255-g9-ryzen-3-3250u-8gb-ram-ssd-nvme-256gb-156-led\/"},"modified":"2025-10-02T11:25:07","modified_gmt":"2025-10-02T14:25:07","slug":"notebook-hp-255-g9-ryzen-3-3250u-8gb-ram-ssd-nvme-256gb-156-led","status":"publish","type":"product","link":"https:\/\/tiendaomega.com.ar\/wp\/producto\/notebook-hp-255-g9-ryzen-3-3250u-8gb-ram-ssd-nvme-256gb-156-led\/","title":{"rendered":"NOTEBOOK HP 255 G9 RYZEN 3 3250U 8GB RAM SSD NVME 256gb 15\u00b46 LED"},"content":{"rendered":"<p>Caracter\u00edsticas GeneralesMarca:HpModelo:7F218LTModelo alfanum\u00e9rico:7F218LT#ABMModelo detallado:255 G9Es gamer:NoColor:NegroIdioma del teclado:Espa\u00f1olNombre del sistema operativo:FreeDOS<\/p>\n","protected":false},"excerpt":{"rendered":"<p>NOTEBOOK HP 255 G9 RYZEN 3 3250U 8GB RAM SSD NVME 256gb 15\u00b46 LED<\/p>\n","protected":false},"featured_media":266133,"template":"","meta":{"_joinchat":[]},"product_brand":[],"product_cat":[239],"product_tag":[],"class_list":{"0":"post-186357","1":"product","2":"type-product","3":"status-publish","4":"has-post-thumbnail","6":"product_cat-notebooks","8":"first","9":"outofstock","10":"shipping-taxable","11":"purchasable","12":"product-type-simple"},"_links":{"self":[{"href":"https:\/\/tiendaomega.com.ar\/wp\/wp-json\/wp\/v2\/product\/186357","targetHints":{"allow":["GET"]}}],"collection":[{"href":"https:\/\/tiendaomega.com.ar\/wp\/wp-json\/wp\/v2\/product"}],"about":[{"href":"https:\/\/tiendaomega.com.ar\/wp\/wp-json\/wp\/v2\/types\/product"}],"wp:featuredmedia":[{"embeddable":true,"href":"https:\/\/tiendaomega.com.ar\/wp\/wp-json\/wp\/v2\/media\/266133"}],"wp:attachment":[{"href":"https:\/\/tiendaomega.com.ar\/wp\/wp-json\/wp\/v2\/media?parent=186357"}],"wp:term":[{"taxonomy":"product_brand","embeddable":true,"href":"https:\/\/tiendaomega.com.ar\/wp\/wp-json\/wp\/v2\/product_brand?post=186357"},{"taxonomy":"product_cat","embeddable":true,"href":"https:\/\/tiendaomega.com.ar\/wp\/wp-json\/wp\/v2\/product_cat?post=186357"},{"taxonomy":"product_tag","embeddable":true,"href":"https:\/\/tiendaomega.com.ar\/wp\/wp-json\/wp\/v2\/product_tag?post=186357"}],"curies":[{"name":"wp","href":"https:\/\/api.w.org\/{rel}","templated":true}]}}