{"id":186375,"date":"2024-03-21T15:36:11","date_gmt":"2024-03-21T18:36:11","guid":{"rendered":"https:\/\/tiendaomega.com.ar\/wp\/producto\/pasta-termica-corsair-xtm50-5-gramos-grasa-alto-rendimiento\/"},"modified":"2025-10-02T12:04:33","modified_gmt":"2025-10-02T15:04:33","slug":"pasta-termica-corsair-xtm50-5-gramos-grasa-alto-rendimiento","status":"publish","type":"product","link":"https:\/\/tiendaomega.com.ar\/wp\/producto\/pasta-termica-corsair-xtm50-5-gramos-grasa-alto-rendimiento\/","title":{"rendered":"PASTA TERMICA CORSAIR XTM50 5 GRAMOS (GRASA) ALTO RENDIMIENTO"},"content":{"rendered":"<p>Kit de pasta t\u00e9rmica de alto rendimiento XTM50La pasta t\u00e9rmica de alto rendimiento CORSAIR XTM50 es la soluci\u00f3n m\u00e1s completa para ayudar a reducir las temperaturas de los componentes de su PC y mantener el PC refrigerado bajo presi\u00f3n.<\/p>\n","protected":false},"excerpt":{"rendered":"<p>PASTA TERMICA CORSAIR XTM50 5 GRAMOS (GRASA) ALTO RENDIMIENTO<\/p>\n","protected":false},"featured_media":187624,"template":"","meta":{"_joinchat":[]},"product_brand":[],"product_cat":[31],"product_tag":[],"class_list":{"0":"post-186375","1":"product","2":"type-product","3":"status-publish","4":"has-post-thumbnail","6":"product_cat-sin-categorizar","8":"first","9":"outofstock","10":"shipping-taxable","11":"purchasable","12":"product-type-simple"},"_links":{"self":[{"href":"https:\/\/tiendaomega.com.ar\/wp\/wp-json\/wp\/v2\/product\/186375","targetHints":{"allow":["GET"]}}],"collection":[{"href":"https:\/\/tiendaomega.com.ar\/wp\/wp-json\/wp\/v2\/product"}],"about":[{"href":"https:\/\/tiendaomega.com.ar\/wp\/wp-json\/wp\/v2\/types\/product"}],"wp:featuredmedia":[{"embeddable":true,"href":"https:\/\/tiendaomega.com.ar\/wp\/wp-json\/wp\/v2\/media\/187624"}],"wp:attachment":[{"href":"https:\/\/tiendaomega.com.ar\/wp\/wp-json\/wp\/v2\/media?parent=186375"}],"wp:term":[{"taxonomy":"product_brand","embeddable":true,"href":"https:\/\/tiendaomega.com.ar\/wp\/wp-json\/wp\/v2\/product_brand?post=186375"},{"taxonomy":"product_cat","embeddable":true,"href":"https:\/\/tiendaomega.com.ar\/wp\/wp-json\/wp\/v2\/product_cat?post=186375"},{"taxonomy":"product_tag","embeddable":true,"href":"https:\/\/tiendaomega.com.ar\/wp\/wp-json\/wp\/v2\/product_tag?post=186375"}],"curies":[{"name":"wp","href":"https:\/\/api.w.org\/{rel}","templated":true}]}}