{"id":186380,"date":"2024-03-21T18:52:07","date_gmt":"2024-03-21T21:52:07","guid":{"rendered":"https:\/\/tiendaomega.com.ar\/wp\/producto\/soporte-para-celular-netmak-nm-hc20-brazo-extensible-2\/"},"modified":"2025-10-02T11:02:21","modified_gmt":"2025-10-02T14:02:21","slug":"soporte-para-celular-netmak-nm-hc20-brazo-extensible-2","status":"publish","type":"product","link":"https:\/\/tiendaomega.com.ar\/wp\/producto\/soporte-para-celular-netmak-nm-hc20-brazo-extensible-2\/","title":{"rendered":"SOPORTE PARA CELULAR NETMAK NM-HC20 Brazo Extensible"},"content":{"rendered":"<p>&#8211; Material: ABS + Silicona- Rotaci\u00f3n: 360\u00b0- Sujeta el telefono de forma vertical y horizontal- Compatible con celulares hasta 6.3 &#8211; F\u00e1cil de colocar- Se estira hasta 10cm- Con el sistema de sopapa se puede adherir f\u00e1cilmente al parabrisas, al tablero del auto y a otras superficies lisas- Dimensiones del art\u00edculo Con Caja &#8211;&gt; Ancho: 8 cm &#8211; Alto: 12,5 cm &#8211; Profundidad: 7 cm<\/p>\n","protected":false},"excerpt":{"rendered":"<p>SOPORTE PARA CELULAR NETMAK NM-HC20 Brazo Extensible<\/p>\n","protected":false},"featured_media":187136,"template":"","meta":{"_joinchat":[]},"product_brand":[],"product_cat":[169,236],"product_tag":[],"class_list":{"0":"post-186380","1":"product","2":"type-product","3":"status-publish","4":"has-post-thumbnail","6":"product_cat-accesorios-168","7":"product_cat-soportes","9":"first","10":"outofstock","11":"shipping-taxable","12":"purchasable","13":"product-type-simple"},"_links":{"self":[{"href":"https:\/\/tiendaomega.com.ar\/wp\/wp-json\/wp\/v2\/product\/186380","targetHints":{"allow":["GET"]}}],"collection":[{"href":"https:\/\/tiendaomega.com.ar\/wp\/wp-json\/wp\/v2\/product"}],"about":[{"href":"https:\/\/tiendaomega.com.ar\/wp\/wp-json\/wp\/v2\/types\/product"}],"wp:featuredmedia":[{"embeddable":true,"href":"https:\/\/tiendaomega.com.ar\/wp\/wp-json\/wp\/v2\/media\/187136"}],"wp:attachment":[{"href":"https:\/\/tiendaomega.com.ar\/wp\/wp-json\/wp\/v2\/media?parent=186380"}],"wp:term":[{"taxonomy":"product_brand","embeddable":true,"href":"https:\/\/tiendaomega.com.ar\/wp\/wp-json\/wp\/v2\/product_brand?post=186380"},{"taxonomy":"product_cat","embeddable":true,"href":"https:\/\/tiendaomega.com.ar\/wp\/wp-json\/wp\/v2\/product_cat?post=186380"},{"taxonomy":"product_tag","embeddable":true,"href":"https:\/\/tiendaomega.com.ar\/wp\/wp-json\/wp\/v2\/product_tag?post=186380"}],"curies":[{"name":"wp","href":"https:\/\/api.w.org\/{rel}","templated":true}]}}