{"id":186427,"date":"2024-03-22T17:06:01","date_gmt":"2024-03-22T20:06:01","guid":{"rendered":"https:\/\/tiendaomega.com.ar\/wp\/producto\/notebook-acer-aspire-3-a315-24p-r9au-ryzen-5-7520u-8gb-ssd512-15-6led-ips\/"},"modified":"2025-10-02T11:02:25","modified_gmt":"2025-10-02T14:02:25","slug":"notebook-acer-aspire-3-a315-24p-r9au-ryzen-5-7520u-8gb-ssd512-15-6led-ips","status":"publish","type":"product","link":"https:\/\/tiendaomega.com.ar\/wp\/producto\/notebook-acer-aspire-3-a315-24p-r9au-ryzen-5-7520u-8gb-ssd512-15-6led-ips\/","title":{"rendered":"NOTEBOOK ACER ASPIRE 3 A315-24P-R9AU (RYZEN 5 7520U-8GB-SSD512-15.6LED IPS)"},"content":{"rendered":"<p>Sistema OperativoSistema OperativoWindows 11 HomeProcesadorFabricante de ProcesadorAMDTipo de ProcesadorRyzen 5Modelo de procesador7520UVelocidad de Procesador2,80 GHzN\u00facleo de procesadorQuad-core (4 Core\u2122)Pantalla y gr\u00e1ficosFabricante de Controlador Gr\u00e1ficoAMDModelo de Controlador de Gr\u00e1ficosRadeon\u2122 GraphicsAccesibilidad de Memoria Gr\u00e1ficaCompartidaTama\u00f1o de Pantalla39,6 cm (15,6 )Tipo de PantallaLCDTecnolog\u00eda de PantallaTecnolog\u00eda IPS de Variaci\u00f3n en el PlanoComfyView (Mate)Tecnolog\u00eda de iluminaci\u00f3n de FondoLEDPantalla T\u00e1ctilNoResoluci\u00f3n de la Pantalla1920 x 1080\u00cdndice de refresco est\u00e1ndar60 HzRelaci\u00f3n de aspecto16:9MemoriaMemoria total del sistema instalado16 GBTecnolog\u00eda de memoria del sistemaLPDDR5Lector de tarjeta memoriaNoAlmacenamientoCapacidad Total de la Unidad de Estado S\u00f3lido (SSD)1 TBInterfaz de Unidad de Estado S\u00f3lidoPCIe NVMeFactor de forma SSDM.2Redes y ComunicacionesEst\u00e1ndar Wi-FiIEEE 802.11 abgnacaxTecnolog\u00eda EthernetGigabit EthernetVersi\u00f3n BluetoothBluetooth 5.1 o superiorDispositivos IncorporadosMicr\u00f3fonoS\u00edLector de huellas digitalesNoN\u00famero de Altavoces2Modo de sonidoEst\u00e9reoInterfacesPuertosHDMIS\u00edN\u00famero de salidas HDMI1N\u00famero de puertos USB 3.2 Gen 1 Tipo-A2N\u00famero de puertos USB 3.2 Gen 2 Tipo-C1N\u00famero total de puertos USB3USB Tipo-CS\u00edDispositivos de EntradaTipo de Dispositivo PunteroAlmohadilla t\u00e1ctil (TouchPad)TecladoS\u00edTeclado retroiluminadoNoCaracter\u00edsticas Almohadilla T\u00e1ctilMulti-touch GestureCertificaci\u00f3n de panel t\u00e1ctil de precisi\u00f3n de MicrosoftResistente a humedadInformaci\u00f3n de Bater\u00edasN\u00famero de Celdas3-CeldasComposici\u00f3n de Bater\u00eda<\/p>\n","protected":false},"excerpt":{"rendered":"<p>NOTEBOOK ACER ASPIRE 3 A315-24P-R9AU (RYZEN 5 7520U-8GB-SSD512-15.6LED IPS)<\/p>\n","protected":false},"featured_media":186448,"template":"","meta":{"_joinchat":[]},"product_brand":[],"product_cat":[239],"product_tag":[],"class_list":{"0":"post-186427","1":"product","2":"type-product","3":"status-publish","4":"has-post-thumbnail","6":"product_cat-notebooks","8":"first","9":"outofstock","10":"shipping-taxable","11":"purchasable","12":"product-type-simple"},"_links":{"self":[{"href":"https:\/\/tiendaomega.com.ar\/wp\/wp-json\/wp\/v2\/product\/186427","targetHints":{"allow":["GET"]}}],"collection":[{"href":"https:\/\/tiendaomega.com.ar\/wp\/wp-json\/wp\/v2\/product"}],"about":[{"href":"https:\/\/tiendaomega.com.ar\/wp\/wp-json\/wp\/v2\/types\/product"}],"wp:featuredmedia":[{"embeddable":true,"href":"https:\/\/tiendaomega.com.ar\/wp\/wp-json\/wp\/v2\/media\/186448"}],"wp:attachment":[{"href":"https:\/\/tiendaomega.com.ar\/wp\/wp-json\/wp\/v2\/media?parent=186427"}],"wp:term":[{"taxonomy":"product_brand","embeddable":true,"href":"https:\/\/tiendaomega.com.ar\/wp\/wp-json\/wp\/v2\/product_brand?post=186427"},{"taxonomy":"product_cat","embeddable":true,"href":"https:\/\/tiendaomega.com.ar\/wp\/wp-json\/wp\/v2\/product_cat?post=186427"},{"taxonomy":"product_tag","embeddable":true,"href":"https:\/\/tiendaomega.com.ar\/wp\/wp-json\/wp\/v2\/product_tag?post=186427"}],"curies":[{"name":"wp","href":"https:\/\/api.w.org\/{rel}","templated":true}]}}