{"id":186573,"date":"2024-03-27T18:28:08","date_gmt":"2024-03-27T21:28:08","guid":{"rendered":"https:\/\/tiendaomega.com.ar\/wp\/producto\/parlante-noga-2-1-spark-20w-con-control-remoto-y-bluetooth\/"},"modified":"2025-10-02T11:25:18","modified_gmt":"2025-10-02T14:25:18","slug":"parlante-noga-2-1-spark-20w-con-control-remoto-y-bluetooth","status":"publish","type":"product","link":"https:\/\/tiendaomega.com.ar\/wp\/producto\/parlante-noga-2-1-spark-20w-con-control-remoto-y-bluetooth\/","title":{"rendered":"PARLANTE NOGA 2.1 SPARK 20W CON CONTROL REMOTO Y BLUETOOTH"},"content":{"rendered":"<p>Descripci\u00f3nSISTEMA DE PARLANTES INAL\u00c1MBRICOS BT 2.1SPARK te brinda excelencia de sonido y un moderno dise\u00f1o para tu ambiente.Es un Sistema de Parlantes 2.1 de Alta Fidelidad.Posee Tecnolog\u00eda Inal\u00e1mbrica BT que te permite disfrutar de la m\u00fasica de tu Smartphone, tambi\u00e9n a trav\u00e9s de Lectores SDUSB, por Entrada Auxiliar RCA y sintoniza Radio FM.Presenta Display Digital, Controles Frontales y la comodidad de comandar todo a distancia a trav\u00e9s de Control Remoto.- 20W de Potencia Total- 1 Subwoofer con Parlante de 4 pulgadas + 2 Satelitales con Parlantes de 2,75 pulgadas- Recepci\u00f3n Inal\u00e1mbrica BT con alcance de hasta 10 metros- Display Digital- Controles Frontales- Control de Volumen- Bot\u00f3n Stand By- Bot\u00f3n Menu- Botones de Channel +- &amp; AnteriorSiguiente- Bot\u00f3n Auto &amp; PlayPause- Lectores de Memorias SDMMC y USB en lateral derecho- Sintoniza Radio FM (entrada RCA para Antena en la parte posterior)- Entrada Auxiliar de Audio RCA en la parte posterior- Power ONOFF en la parte posterior- Incluye Control Remoto- Alimentaci\u00f3n a 220V- Medidas Subwoofer: 25cm ALTO x 16cm LARGO x 16m ANCHOMedidas de cada Satelital: 13 cm. (Alto) x 8,7 cm. (Ancho) x 8,7 cm. (Profundidad)<\/p>\n","protected":false},"excerpt":{"rendered":"<p>PARLANTE NOGA 2.1 SPARK 20W CON CONTROL REMOTO Y BLUETOOTH<\/p>\n","protected":false},"featured_media":186574,"template":"","meta":{"_joinchat":[]},"product_brand":[],"product_cat":[154,147],"product_tag":[],"class_list":{"0":"post-186573","1":"product","2":"type-product","3":"status-publish","4":"has-post-thumbnail","6":"product_cat-parlantes","7":"product_cat-perifericos","9":"first","10":"outofstock","11":"shipping-taxable","12":"purchasable","13":"product-type-simple"},"_links":{"self":[{"href":"https:\/\/tiendaomega.com.ar\/wp\/wp-json\/wp\/v2\/product\/186573","targetHints":{"allow":["GET"]}}],"collection":[{"href":"https:\/\/tiendaomega.com.ar\/wp\/wp-json\/wp\/v2\/product"}],"about":[{"href":"https:\/\/tiendaomega.com.ar\/wp\/wp-json\/wp\/v2\/types\/product"}],"wp:featuredmedia":[{"embeddable":true,"href":"https:\/\/tiendaomega.com.ar\/wp\/wp-json\/wp\/v2\/media\/186574"}],"wp:attachment":[{"href":"https:\/\/tiendaomega.com.ar\/wp\/wp-json\/wp\/v2\/media?parent=186573"}],"wp:term":[{"taxonomy":"product_brand","embeddable":true,"href":"https:\/\/tiendaomega.com.ar\/wp\/wp-json\/wp\/v2\/product_brand?post=186573"},{"taxonomy":"product_cat","embeddable":true,"href":"https:\/\/tiendaomega.com.ar\/wp\/wp-json\/wp\/v2\/product_cat?post=186573"},{"taxonomy":"product_tag","embeddable":true,"href":"https:\/\/tiendaomega.com.ar\/wp\/wp-json\/wp\/v2\/product_tag?post=186573"}],"curies":[{"name":"wp","href":"https:\/\/api.w.org\/{rel}","templated":true}]}}