{"id":187066,"date":"2024-05-03T08:57:32","date_gmt":"2024-05-03T11:57:32","guid":{"rendered":"https:\/\/tiendaomega.com.ar\/wp\/producto\/celular-motorola-g13-rosa-suave-xt2331-1-6-5-8n-4gbram-5000mah-128gb-cam5022-2-frontal\/"},"modified":"2025-10-02T10:41:44","modified_gmt":"2025-10-02T13:41:44","slug":"celular-motorola-g13-rosa-suave-xt2331-1-6-5-8n-4gbram-5000mah-128gb-cam5022-2-frontal","status":"publish","type":"product","link":"https:\/\/tiendaomega.com.ar\/wp\/producto\/celular-motorola-g13-rosa-suave-xt2331-1-6-5-8n-4gbram-5000mah-128gb-cam5022-2-frontal\/","title":{"rendered":"CELULAR MOTOROLA G13 ROSA SUAVE XT2331-1 6.5\u00b4-8N-4GbRAM-5000MAH-128GB CAM50+2+2   +2 FRONTAL"},"content":{"rendered":"<p>Caracter\u00edsticasMarcaMotorolaEAN7790894900670ModeloXT2331-1Tipo de productoCelularesColorRosaTarjeta de memoriaNo incluidaOrigenArgentinaGarant\u00eda del proveedor12CertificadoraENACOMN\u00famero de certificaci\u00f3nC-28708DetallesTipo de pantallaIPSTama\u00f1o de pantalla6.52 Resistente al aguaNoVelocidad de la CPU2 GHzTipo de procesadorOcta CoreBater\u00eda5000mAhC\u00e1mara trasera50MPDual SIMNoMemoria externa incluidaNoTecnolog\u00edaCarga r\u00e1pidaS\u00edLector de huellaS\u00edConexi\u00f3n BluetoothS\u00edNFCNoGPS integradoS\u00edMedidas del productoDimensiones16.27&#215;7.46 x 81.9 cmPeso184 g<\/p>\n","protected":false},"excerpt":{"rendered":"<p>CELULAR MOTOROLA G13 ROSA SUAVE XT2331-1 6.5\u00b4-8N-4GbRAM-5000MAH-128GB CAM50+2+2   +2 FRONTAL<\/p>\n","protected":false},"featured_media":187718,"template":"","meta":{"_joinchat":[]},"product_brand":[],"product_cat":[156],"product_tag":[],"class_list":{"0":"post-187066","1":"product","2":"type-product","3":"status-publish","4":"has-post-thumbnail","6":"product_cat-celulares-y-tablets","8":"first","9":"outofstock","10":"shipping-taxable","11":"purchasable","12":"product-type-simple"},"_links":{"self":[{"href":"https:\/\/tiendaomega.com.ar\/wp\/wp-json\/wp\/v2\/product\/187066","targetHints":{"allow":["GET"]}}],"collection":[{"href":"https:\/\/tiendaomega.com.ar\/wp\/wp-json\/wp\/v2\/product"}],"about":[{"href":"https:\/\/tiendaomega.com.ar\/wp\/wp-json\/wp\/v2\/types\/product"}],"wp:featuredmedia":[{"embeddable":true,"href":"https:\/\/tiendaomega.com.ar\/wp\/wp-json\/wp\/v2\/media\/187718"}],"wp:attachment":[{"href":"https:\/\/tiendaomega.com.ar\/wp\/wp-json\/wp\/v2\/media?parent=187066"}],"wp:term":[{"taxonomy":"product_brand","embeddable":true,"href":"https:\/\/tiendaomega.com.ar\/wp\/wp-json\/wp\/v2\/product_brand?post=187066"},{"taxonomy":"product_cat","embeddable":true,"href":"https:\/\/tiendaomega.com.ar\/wp\/wp-json\/wp\/v2\/product_cat?post=187066"},{"taxonomy":"product_tag","embeddable":true,"href":"https:\/\/tiendaomega.com.ar\/wp\/wp-json\/wp\/v2\/product_tag?post=187066"}],"curies":[{"name":"wp","href":"https:\/\/api.w.org\/{rel}","templated":true}]}}