{"id":187483,"date":"2024-06-06T20:00:16","date_gmt":"2024-06-06T23:00:16","guid":{"rendered":"https:\/\/tiendaomega.com.ar\/wp\/producto\/mouse-gamer-falcom-rgb-gg-12d\/"},"modified":"2026-02-19T09:22:37","modified_gmt":"2026-02-19T12:22:37","slug":"mouse-gamer-falcom-rgb-gg-12d","status":"publish","type":"product","link":"https:\/\/tiendaomega.com.ar\/wp\/producto\/mouse-gamer-falcom-rgb-gg-12d\/","title":{"rendered":"MOUSE GAMER FALCOM RGB GG-12D"},"content":{"rendered":"<p>Parte: GG-12Dhttps:www.free-online.com.armarca42Mouse para juegos 7d, desplazamiento con cubierta de PUConjunto de chips: NST5312DPI: 800-1200-2400-3200Luz: 7 colores respirando alrededorUtilidad: 3000000 vecesSuperficie: superficie de caucho negro, impresi\u00f3n de seda para DPI y se\u00f1al de luzTama\u00f1o: 122*68*42mmCable: OD3.2, cable de red negro completo de 1,5 m<\/p>\n","protected":false},"excerpt":{"rendered":"<p>MOUSE GAMER FALCOM RGB GG-12D<\/p>\n","protected":false},"featured_media":465167,"template":"","meta":{"_joinchat":[]},"product_brand":[],"product_cat":[148,147],"product_tag":[],"class_list":{"0":"post-187483","1":"product","2":"type-product","3":"status-publish","4":"has-post-thumbnail","6":"product_cat-mouse","7":"product_cat-perifericos","9":"first","10":"instock","11":"shipping-taxable","12":"purchasable","13":"product-type-simple"},"_links":{"self":[{"href":"https:\/\/tiendaomega.com.ar\/wp\/wp-json\/wp\/v2\/product\/187483","targetHints":{"allow":["GET"]}}],"collection":[{"href":"https:\/\/tiendaomega.com.ar\/wp\/wp-json\/wp\/v2\/product"}],"about":[{"href":"https:\/\/tiendaomega.com.ar\/wp\/wp-json\/wp\/v2\/types\/product"}],"wp:featuredmedia":[{"embeddable":true,"href":"https:\/\/tiendaomega.com.ar\/wp\/wp-json\/wp\/v2\/media\/465167"}],"wp:attachment":[{"href":"https:\/\/tiendaomega.com.ar\/wp\/wp-json\/wp\/v2\/media?parent=187483"}],"wp:term":[{"taxonomy":"product_brand","embeddable":true,"href":"https:\/\/tiendaomega.com.ar\/wp\/wp-json\/wp\/v2\/product_brand?post=187483"},{"taxonomy":"product_cat","embeddable":true,"href":"https:\/\/tiendaomega.com.ar\/wp\/wp-json\/wp\/v2\/product_cat?post=187483"},{"taxonomy":"product_tag","embeddable":true,"href":"https:\/\/tiendaomega.com.ar\/wp\/wp-json\/wp\/v2\/product_tag?post=187483"}],"curies":[{"name":"wp","href":"https:\/\/api.w.org\/{rel}","templated":true}]}}