{"id":187807,"date":"2024-06-22T08:54:11","date_gmt":"2024-06-22T11:54:11","guid":{"rendered":"https:\/\/tiendaomega.com.ar\/wp\/producto\/celular-motorola-g54-5g-azul-xt2343-1-6-5-8n-4gbram-5000mah-128gb-cam502-16-frontal-nfc\/"},"modified":"2025-10-02T12:05:32","modified_gmt":"2025-10-02T15:05:32","slug":"celular-motorola-g54-5g-azul-xt2343-1-6-5-8n-4gbram-5000mah-128gb-cam502-16-frontal-nfc","status":"publish","type":"product","link":"https:\/\/tiendaomega.com.ar\/wp\/producto\/celular-motorola-g54-5g-azul-xt2343-1-6-5-8n-4gbram-5000mah-128gb-cam502-16-frontal-nfc\/","title":{"rendered":"CELULAR MOTOROLA G54 5G AZUL XT2343-1 6.5\u00b4-8N-8GbRAM-5000MAH-128GB CAM50+2   +16 FRONTAL  NFC"},"content":{"rendered":"<p>.Octa-Core 2.8GHzAlmacenamiento128 GB | Disponible: 111 GBC\u00e1marasFrontal 16 MP  Trasera 50+2 MPTama\u00f1o de pantalla6.49  + FHD+ &#8211; LTPSNueva dimensi\u00f3n de audioDisfrut\u00e1 del sonido multidimensional que ofrece el audio Dolby Atmos\u00ae. No te pierdas ning\u00fan detalle de tus programas, pel\u00edculas y canciones gracias a la profundidad y la claridad del sonido.Nitidez en tus tomasCaptur\u00e1 fotos y graba videos n\u00edtidos en condiciones de poca luz gracias a la c\u00e1mara avanzada de 50 MP2 con OIS y tecnolog\u00eda Quad Pixel. Adem\u00e1s, la c\u00e1mara con Visi\u00f3n Macro te permite capturar todos los detalles.Sal\u00ed bien en cualquier condici\u00f3nHac\u00e9 que tus seres queridos salgan siempre bien. El sensor de 50 MP* te permite sacar fotos incre\u00edbles con todos los detalles. Adem\u00e1s, la tecnolog\u00eda Quad Pixel ofrece una sensibilidad 4 veces mejor en ambientes con poca luz para obtener resultados n\u00edtidos de d\u00eda y de noche.El movimiento de las manos ya no se traslada a tus fotos. La estabilizaci\u00f3n \u00f3ptica de imagen (OIS) corrige autom\u00e1ticamente las fotos y los videos poco n\u00edtidos a causa de los movimientos involuntarios de la c\u00e1mara. Por eso, pod\u00e9s obtener resultados claros y detallados, incluso cuando hay poca luz.Disfrut\u00e1 del entretenimiento a Gran velocidadQue nada te detenga. Aprovech\u00e1 la velocidad del MediaTek Dimensity 7020, un potente procesador Octa-Core que ofrece frecuencias de hasta 2.2 GHz. Disfrut\u00e1 de tu experiencia de juego sin interrupciones, videos m\u00e1s fluidos y pel\u00edculas incre\u00edbles.Gran duraci\u00f3n de bater\u00edaDisfrut\u00e1 de tu tel\u00e9fono con una sola carga. La incre\u00edble bater\u00eda de 5000 mAh te permite escuchar tus listas de reproducci\u00f3n durante m\u00e1s tiempo, realizar videollamadas extensas con tus amigos y ver tus series favoritas hasta el final.<\/p>\n","protected":false},"excerpt":{"rendered":"<p>CELULAR MOTOROLA G54 5G AZUL XT2343-1 6.5\u00b4-8N-8GbRAM-5000MAH-128GB CAM50+2   +16 FRONTAL  NFC<\/p>\n","protected":false},"featured_media":236499,"template":"","meta":{"_joinchat":[]},"product_brand":[],"product_cat":[156],"product_tag":[],"class_list":{"0":"post-187807","1":"product","2":"type-product","3":"status-publish","4":"has-post-thumbnail","6":"product_cat-celulares-y-tablets","8":"first","9":"outofstock","10":"shipping-taxable","11":"purchasable","12":"product-type-simple"},"_links":{"self":[{"href":"https:\/\/tiendaomega.com.ar\/wp\/wp-json\/wp\/v2\/product\/187807","targetHints":{"allow":["GET"]}}],"collection":[{"href":"https:\/\/tiendaomega.com.ar\/wp\/wp-json\/wp\/v2\/product"}],"about":[{"href":"https:\/\/tiendaomega.com.ar\/wp\/wp-json\/wp\/v2\/types\/product"}],"wp:featuredmedia":[{"embeddable":true,"href":"https:\/\/tiendaomega.com.ar\/wp\/wp-json\/wp\/v2\/media\/236499"}],"wp:attachment":[{"href":"https:\/\/tiendaomega.com.ar\/wp\/wp-json\/wp\/v2\/media?parent=187807"}],"wp:term":[{"taxonomy":"product_brand","embeddable":true,"href":"https:\/\/tiendaomega.com.ar\/wp\/wp-json\/wp\/v2\/product_brand?post=187807"},{"taxonomy":"product_cat","embeddable":true,"href":"https:\/\/tiendaomega.com.ar\/wp\/wp-json\/wp\/v2\/product_cat?post=187807"},{"taxonomy":"product_tag","embeddable":true,"href":"https:\/\/tiendaomega.com.ar\/wp\/wp-json\/wp\/v2\/product_tag?post=187807"}],"curies":[{"name":"wp","href":"https:\/\/api.w.org\/{rel}","templated":true}]}}