{"id":187843,"date":"2024-06-25T16:20:52","date_gmt":"2024-06-25T19:20:52","guid":{"rendered":"https:\/\/tiendaomega.com.ar\/wp\/producto\/disco-ssd-m-2-nvme-2280-adata-512-gb-aleg-700-pcie-gen3-x4\/"},"modified":"2025-11-08T09:52:09","modified_gmt":"2025-11-08T12:52:09","slug":"disco-ssd-m-2-nvme-2280-adata-512-gb-aleg-700-pcie-gen3-x4","status":"publish","type":"product","link":"https:\/\/tiendaomega.com.ar\/wp\/producto\/disco-ssd-m-2-nvme-2280-adata-512-gb-aleg-700-pcie-gen3-x4\/","title":{"rendered":"DISCO SSD M.2 NVME 2280 ADATA 512 GB ALEG 700 PCIE GEN3 X4"},"content":{"rendered":"<p>Descripci\u00f3nDisco S\u00f3lido Ssd 512Gb Xpg Legend 700 M.2 2280 Pcie Gen3x4LEGEND 700 utiliza PCIe Gen3 x4 y NVMe 1.3 para ofrecer velocidades sostenidas de lectura y escritura de hasta 2.0001.600 MB por segundo. La especificaci\u00f3n M.2 2280 es compatible con las plataformas Intel y AMD actuales, incluyendo computadoras de escritorio y port\u00e1tiles.El dise\u00f1o del disipador del LEGEND 700 se caracteriza por un esquema de colores azules con un recorte dorado. El disipador mantiene bajas las temperaturas para un rendimiento y estabilidad \u00f3ptimos.LEGEND 700 est\u00e1 equipado con almacenamiento en cach\u00e9 SLC y tecnolog\u00eda HMB (Host Memory Buffer) para una productividad continua.LEGEND 700, con c\u00f3digo de comprobaci\u00f3n de paridad de baja densidad (LDPC), asegura transmisiones precisas de datos y protecci\u00f3n de los mismos.ADATA SSD Toolbox permite monitorizar la salud de la unidad y la vida \u00fatil a trav\u00e9s de la tecnolog\u00eda S.M.A.R.T. Tambi\u00e9n permite realizar un seguimiento de la temperatura de funcionamiento, la capacidad y el espacio utilizado, adem\u00e1s de mantener el firmware actualizado.E S P E C I F I C A C I O N E S\u2022 Capacidad: 512Gb\u2022 Factor de forma: M.2 2280\u2022 NAND Flash: NAND 3D\u2022 Dimensiones (L x An x Al): 80 mm x 22 mm x 3,13 mm (con disipador); 80 mm x 22 mm x 2,15 mm (sin disipador)\u2022 Peso: 9 g (con disipador); 6,2 g (sin disipador)\u2022 Interfaz: PCIe Gen3 x4\u2022 Lectura secuencial (m\u00e1x): Hasta 2,000MBs\u2022 Escritura secuencial (m\u00e1x): Hasta 1,600MBs\u2022 IOPS de lectura aleatoria de 4 KB (m\u00e1x.): Hasta 180K\u2022 IOPS de escritura aleatoria de 4 KB (m\u00e1x.): Hasta 280K\u2022 Temperatura de operaci\u00f3n: 0 \u00b0C &#8211; 70 \u00b0C\u2022 Temperatura de almacenamiento: 0 \u00b0C &#8211; 70 \u00b0C\u2022 Resistencia a golpes: 1.500 G0,5 ms\u2022 MTBF: 1.500.000 horas\u2022 Terabytes escritos (TBW): 160TB<\/p>\n","protected":false},"excerpt":{"rendered":"<p>DISCO SSD M.2 NVME 2280 ADATA 512 GB ALEG 700 PCIE GEN3 X4 <\/p>\n","protected":false},"featured_media":458656,"template":"","meta":{"_joinchat":[]},"product_brand":[],"product_cat":[224,226],"product_tag":[],"class_list":{"0":"post-187843","1":"product","2":"type-product","3":"status-publish","4":"has-post-thumbnail","6":"product_cat-componentes-de-pc","7":"product_cat-hddssdm-2","9":"first","10":"outofstock","11":"shipping-taxable","12":"purchasable","13":"product-type-simple"},"_links":{"self":[{"href":"https:\/\/tiendaomega.com.ar\/wp\/wp-json\/wp\/v2\/product\/187843","targetHints":{"allow":["GET"]}}],"collection":[{"href":"https:\/\/tiendaomega.com.ar\/wp\/wp-json\/wp\/v2\/product"}],"about":[{"href":"https:\/\/tiendaomega.com.ar\/wp\/wp-json\/wp\/v2\/types\/product"}],"wp:featuredmedia":[{"embeddable":true,"href":"https:\/\/tiendaomega.com.ar\/wp\/wp-json\/wp\/v2\/media\/458656"}],"wp:attachment":[{"href":"https:\/\/tiendaomega.com.ar\/wp\/wp-json\/wp\/v2\/media?parent=187843"}],"wp:term":[{"taxonomy":"product_brand","embeddable":true,"href":"https:\/\/tiendaomega.com.ar\/wp\/wp-json\/wp\/v2\/product_brand?post=187843"},{"taxonomy":"product_cat","embeddable":true,"href":"https:\/\/tiendaomega.com.ar\/wp\/wp-json\/wp\/v2\/product_cat?post=187843"},{"taxonomy":"product_tag","embeddable":true,"href":"https:\/\/tiendaomega.com.ar\/wp\/wp-json\/wp\/v2\/product_tag?post=187843"}],"curies":[{"name":"wp","href":"https:\/\/api.w.org\/{rel}","templated":true}]}}