{"id":187965,"date":"2024-07-03T12:20:56","date_gmt":"2024-07-03T15:20:56","guid":{"rendered":"https:\/\/tiendaomega.com.ar\/wp\/producto\/pasta-termica-corsair-xtm70-3-gramos-grasa-alto-rendimiento-extreme\/"},"modified":"2026-01-12T11:13:25","modified_gmt":"2026-01-12T14:13:25","slug":"pasta-termica-corsair-xtm70-3-gramos-grasa-alto-rendimiento-extreme","status":"publish","type":"product","link":"https:\/\/tiendaomega.com.ar\/wp\/producto\/pasta-termica-corsair-xtm70-3-gramos-grasa-alto-rendimiento-extreme\/","title":{"rendered":"PASTA TERMICA CORSAIR XTM70  3 GRAMOS (GRASA) ALTO RENDIMIENTO EXTREME"},"content":{"rendered":"<p>Pasta t\u00e9rmica de rendimiento extremo XTM70La pasta t\u00e9rmica de rendimiento extremo XTM70 permite la m\u00e1xima transferencia de calor desde su procesador y componentes de alta gama de modo que se mantengan frescos de manera fiable, incluso durante las tareas m\u00e1s intensas y el overclocking.La pasta t\u00e9rmica de rendimiento extremo XTM70 incluye un kit aplicador, que facilita la aplicaci\u00f3n de una capa uniforme sobre una placa refrigerante, y tres toallitas limpiadoras, que permiten eliminar f\u00e1cilmente la pasta anterior de su hardware.Con 3 g de pasta no conductora de electricidad, la pasta XTM70 es compatible con el enfriamiento extremo de la CPU y temperaturas m\u00e1s bajas sin secado ni agrietamiento.* El aplicador funciona con la mayor\u00eda de las CPU Intel (LGA 115x|1200|1700) y AMD (AM4, AM5)<\/p>\n","protected":false},"excerpt":{"rendered":"<p>PASTA TERMICA CORSAIR XTM70  3 GRAMOS (GRASA) ALTO RENDIMIENTO EXTREME<\/p>\n","protected":false},"featured_media":463955,"template":"","meta":{"_joinchat":[]},"product_brand":[],"product_cat":[31],"product_tag":[],"class_list":{"0":"post-187965","1":"product","2":"type-product","3":"status-publish","4":"has-post-thumbnail","6":"product_cat-sin-categorizar","8":"first","9":"instock","10":"shipping-taxable","11":"purchasable","12":"product-type-simple"},"_links":{"self":[{"href":"https:\/\/tiendaomega.com.ar\/wp\/wp-json\/wp\/v2\/product\/187965","targetHints":{"allow":["GET"]}}],"collection":[{"href":"https:\/\/tiendaomega.com.ar\/wp\/wp-json\/wp\/v2\/product"}],"about":[{"href":"https:\/\/tiendaomega.com.ar\/wp\/wp-json\/wp\/v2\/types\/product"}],"wp:featuredmedia":[{"embeddable":true,"href":"https:\/\/tiendaomega.com.ar\/wp\/wp-json\/wp\/v2\/media\/463955"}],"wp:attachment":[{"href":"https:\/\/tiendaomega.com.ar\/wp\/wp-json\/wp\/v2\/media?parent=187965"}],"wp:term":[{"taxonomy":"product_brand","embeddable":true,"href":"https:\/\/tiendaomega.com.ar\/wp\/wp-json\/wp\/v2\/product_brand?post=187965"},{"taxonomy":"product_cat","embeddable":true,"href":"https:\/\/tiendaomega.com.ar\/wp\/wp-json\/wp\/v2\/product_cat?post=187965"},{"taxonomy":"product_tag","embeddable":true,"href":"https:\/\/tiendaomega.com.ar\/wp\/wp-json\/wp\/v2\/product_tag?post=187965"}],"curies":[{"name":"wp","href":"https:\/\/api.w.org\/{rel}","templated":true}]}}