{"id":187972,"date":"2024-07-03T15:46:52","date_gmt":"2024-07-03T18:46:52","guid":{"rendered":"https:\/\/tiendaomega.com.ar\/wp\/producto\/parlante-genius-sw2-1-300x-10w-gx-gaming\/"},"modified":"2025-12-29T09:15:22","modified_gmt":"2025-12-29T12:15:22","slug":"parlante-genius-sw2-1-300x-10w-gx-gaming","status":"publish","type":"product","link":"https:\/\/tiendaomega.com.ar\/wp\/producto\/parlante-genius-sw2-1-300x-10w-gx-gaming\/","title":{"rendered":"PARLANTE GENIUS SW2.1 300X 10W  GX GAMING"},"content":{"rendered":"<p>Nombre del modeloSW-2.1 300XFuente de alimentaci\u00f3n100 V \u2013 240 VAudio input3.5 mmPotencia total de salida (W)10 W (Subwoofer: 3.5 W  Satellites: 3.25 W x2)Unidad de controladorSubwoofer: 3.5 pulgada, 6 ohm  Sat\u00e9lites: 2.0 pulgada x2, 6 ohmRespuesta frecuenteSubwoofer: 25 Hz \u2013 200 Hz  Sat\u00e9lites: 200 Hz \u2013 18 kHzSN RatioSubwoofer: \u2267 65 dB  Satellites: \u2267 65 dBControl de volumenS\u00edHeadphone jackS\u00edMicrophone jackS\u00edLongitud de cable1.5 mOtro\u2014Peso (g)Aprox. 1218 gDimensiones (A x A x P) mm (pulgadas)Subwoofer: 30 x 150 x 180 mm (5.1 x 5.9 x 7.1 pulgadas) Sat\u00e9lites: 70 x 40 x 140 mm (2.8 x 1.6 x 5.5 pulgadas)Compatible con sistema operativoComputadoras o port\u00e1tiles con Windows\u00ae o mac\u00aeOS  Tabletas o tel\u00e9fonos inteligentes  Reproductores de MP3ColoresMadera Marr\u00f3n *Las im\u00e1genes y colores de productos que se muestran en el paquete son \u00daNICAMENTE para referencia.Vea los art\u00edculos incluidos para determinar sus caracter\u00edsticas reales.Contenido de la cajaSW-2.1 300X Subwoofer x1 (En la l\u00ednea de control del pod) SW-2.1 300X Sat\u00e9lite x2 3.5 mm cable de audio x1 Manual de usuario en varios idiomas<\/p>\n","protected":false},"excerpt":{"rendered":"<p>PARLANTE GENIUS SW2.1 300X 10W  GX GAMING<\/p>\n","protected":false},"featured_media":456441,"template":"","meta":{"_joinchat":[]},"product_brand":[],"product_cat":[154,147],"product_tag":[],"class_list":{"0":"post-187972","1":"product","2":"type-product","3":"status-publish","4":"has-post-thumbnail","6":"product_cat-parlantes","7":"product_cat-perifericos","9":"first","10":"instock","11":"shipping-taxable","12":"purchasable","13":"product-type-simple"},"_links":{"self":[{"href":"https:\/\/tiendaomega.com.ar\/wp\/wp-json\/wp\/v2\/product\/187972","targetHints":{"allow":["GET"]}}],"collection":[{"href":"https:\/\/tiendaomega.com.ar\/wp\/wp-json\/wp\/v2\/product"}],"about":[{"href":"https:\/\/tiendaomega.com.ar\/wp\/wp-json\/wp\/v2\/types\/product"}],"wp:featuredmedia":[{"embeddable":true,"href":"https:\/\/tiendaomega.com.ar\/wp\/wp-json\/wp\/v2\/media\/456441"}],"wp:attachment":[{"href":"https:\/\/tiendaomega.com.ar\/wp\/wp-json\/wp\/v2\/media?parent=187972"}],"wp:term":[{"taxonomy":"product_brand","embeddable":true,"href":"https:\/\/tiendaomega.com.ar\/wp\/wp-json\/wp\/v2\/product_brand?post=187972"},{"taxonomy":"product_cat","embeddable":true,"href":"https:\/\/tiendaomega.com.ar\/wp\/wp-json\/wp\/v2\/product_cat?post=187972"},{"taxonomy":"product_tag","embeddable":true,"href":"https:\/\/tiendaomega.com.ar\/wp\/wp-json\/wp\/v2\/product_tag?post=187972"}],"curies":[{"name":"wp","href":"https:\/\/api.w.org\/{rel}","templated":true}]}}