{"id":188190,"date":"2024-07-15T20:38:46","date_gmt":"2024-07-15T23:38:46","guid":{"rendered":"https:\/\/tiendaomega.com.ar\/wp\/producto\/disco-ssd-markvision-240-gb-bulk-interno-206211\/"},"modified":"2025-10-02T10:45:04","modified_gmt":"2025-10-02T13:45:04","slug":"disco-ssd-markvision-240-gb-bulk-interno-206211","status":"publish","type":"product","link":"https:\/\/tiendaomega.com.ar\/wp\/producto\/disco-ssd-markvision-240-gb-bulk-interno-206211\/","title":{"rendered":"DISCO SSD MARKVISION 240 GB BULK INTERNO (206211)"},"content":{"rendered":"<p>Aplicaciones: PC de escritorio,NotebooksMarca: MarkvisionCapacidad: 240 GBC\u00f3digo universal de producto: 0742832206211Factor de forma: 2.5 inUbicaci\u00f3n del disco: InternoInterfaces: S-ATACondici\u00f3n del \u00edtem: NuevoModelo: MVSD240G25-A1Tecnolog\u00eda de almacenamiento: SSD<\/p>\n","protected":false},"excerpt":{"rendered":"<p>DISCO SSD MARKVISION 240 GB BULK INTERNO (206211)<\/p>\n","protected":false},"featured_media":188311,"template":"","meta":{"_joinchat":[]},"product_brand":[],"product_cat":[224,226],"product_tag":[],"class_list":{"0":"post-188190","1":"product","2":"type-product","3":"status-publish","4":"has-post-thumbnail","6":"product_cat-componentes-de-pc","7":"product_cat-hddssdm-2","9":"first","10":"outofstock","11":"shipping-taxable","12":"purchasable","13":"product-type-simple"},"_links":{"self":[{"href":"https:\/\/tiendaomega.com.ar\/wp\/wp-json\/wp\/v2\/product\/188190","targetHints":{"allow":["GET"]}}],"collection":[{"href":"https:\/\/tiendaomega.com.ar\/wp\/wp-json\/wp\/v2\/product"}],"about":[{"href":"https:\/\/tiendaomega.com.ar\/wp\/wp-json\/wp\/v2\/types\/product"}],"wp:featuredmedia":[{"embeddable":true,"href":"https:\/\/tiendaomega.com.ar\/wp\/wp-json\/wp\/v2\/media\/188311"}],"wp:attachment":[{"href":"https:\/\/tiendaomega.com.ar\/wp\/wp-json\/wp\/v2\/media?parent=188190"}],"wp:term":[{"taxonomy":"product_brand","embeddable":true,"href":"https:\/\/tiendaomega.com.ar\/wp\/wp-json\/wp\/v2\/product_brand?post=188190"},{"taxonomy":"product_cat","embeddable":true,"href":"https:\/\/tiendaomega.com.ar\/wp\/wp-json\/wp\/v2\/product_cat?post=188190"},{"taxonomy":"product_tag","embeddable":true,"href":"https:\/\/tiendaomega.com.ar\/wp\/wp-json\/wp\/v2\/product_tag?post=188190"}],"curies":[{"name":"wp","href":"https:\/\/api.w.org\/{rel}","templated":true}]}}