{"id":188194,"date":"2024-07-15T20:39:10","date_gmt":"2024-07-15T23:39:10","guid":{"rendered":"https:\/\/tiendaomega.com.ar\/wp\/producto\/fuente-gigabyte-750w-aorus-gp-ap750gm-modular-80-plus-gold\/"},"modified":"2025-11-26T09:41:49","modified_gmt":"2025-11-26T12:41:49","slug":"fuente-gigabyte-750w-aorus-gp-ap750gm-modular-80-plus-gold","status":"publish","type":"product","link":"https:\/\/tiendaomega.com.ar\/wp\/producto\/fuente-gigabyte-750w-aorus-gp-ap750gm-modular-80-plus-gold\/","title":{"rendered":"FUENTE GIGABYTE 750W AORUS GP-AP750GM MODULAR 80 PLUS GOLD"},"content":{"rendered":"<p>DetallesFUENTE GIGABYTE 750W AORUS GP-AP750GM MODULAR 80 PLUS GOLDPODER ABRUMADOR, FUENTE DE PODER AORUSDise\u00f1o totalmente MODULARTodos los Cables Planos negros son de dise\u00f1o modular. Instala solo cables necesarios para reducir el desorden, aumentar el flujode aire y mejorar el rendimiento t\u00e9rmico del gabinete.Capacitores 100% japoneses de alta calidadTodos los capacitores son japoneses de alta calidad, para producir un rendimiento eficiente y garantizar una mayor fiabilidad.Ventilador inteligente de 135mmLa velocidad del ventilador se ajusta de acuerdo con la detecci\u00f3n autom\u00e1tica de energ\u00eda y se detendr\u00e1 cuando el sistema est\u00e9 inactivo o con poca carga (menos del 20% de carga). El ventilador de doble rodamiento de bola proporciona una vida \u00fatil m\u00e1s prolongada. El rodamiento de doble bola es la construcci\u00f3n de ventilador m\u00e1s duradera con una durabilidad de m\u00e1s de 50.000 horas. La vida \u00fatil de este tipo de rodamiento es de m\u00e1s de5 a\u00f1os.80 plus oro certificadoLa certificaci\u00f3n 80 Plus Gold garantiza una eficiencia del 90% al 50% de carga. La mejor eficiencia energ\u00e9tica conduce a menos desperdicio de energ\u00eda, menos calor y menos ruido del ventilador. Y con el apoyo de los procesadores Intel, ahorrar\u00e1 m\u00e1s energ\u00eda y m\u00e1s dinero.Caracter\u00edsticas:- Modelo: GP-AP750GM- Escribe: Factor de forma Intel ATX 12V v2.31- PFC: PFC activo (&gt; 0,9 t\u00edpico)- Voltaje de entrada: 100-240 Vac (rango completo)- Corriente de entrada: 10 A- Frecuencia de entrada: 47-63 Hz- Capacidad de salida: 750W- Dimensi\u00f3n: 150 x 160 x 86 mm- Tipo de ventilador: Ventilador de doble rodamiento de bolas de 135 mm- 80 PLUS: Oro- Eficiencia: 90% a carga t\u00edpica<\/p>\n","protected":false},"excerpt":{"rendered":"<p>FUENTE GIGABYTE 750W AORUS GP-AP750GM MODULAR 80 PLUS GOLD<\/p>\n","protected":false},"featured_media":460066,"template":"","meta":{"_joinchat":[]},"product_brand":[],"product_cat":[224,228],"product_tag":[],"class_list":{"0":"post-188194","1":"product","2":"type-product","3":"status-publish","4":"has-post-thumbnail","6":"product_cat-componentes-de-pc","7":"product_cat-fuentes","9":"first","10":"instock","11":"shipping-taxable","12":"purchasable","13":"product-type-simple"},"_links":{"self":[{"href":"https:\/\/tiendaomega.com.ar\/wp\/wp-json\/wp\/v2\/product\/188194","targetHints":{"allow":["GET"]}}],"collection":[{"href":"https:\/\/tiendaomega.com.ar\/wp\/wp-json\/wp\/v2\/product"}],"about":[{"href":"https:\/\/tiendaomega.com.ar\/wp\/wp-json\/wp\/v2\/types\/product"}],"wp:featuredmedia":[{"embeddable":true,"href":"https:\/\/tiendaomega.com.ar\/wp\/wp-json\/wp\/v2\/media\/460066"}],"wp:attachment":[{"href":"https:\/\/tiendaomega.com.ar\/wp\/wp-json\/wp\/v2\/media?parent=188194"}],"wp:term":[{"taxonomy":"product_brand","embeddable":true,"href":"https:\/\/tiendaomega.com.ar\/wp\/wp-json\/wp\/v2\/product_brand?post=188194"},{"taxonomy":"product_cat","embeddable":true,"href":"https:\/\/tiendaomega.com.ar\/wp\/wp-json\/wp\/v2\/product_cat?post=188194"},{"taxonomy":"product_tag","embeddable":true,"href":"https:\/\/tiendaomega.com.ar\/wp\/wp-json\/wp\/v2\/product_tag?post=188194"}],"curies":[{"name":"wp","href":"https:\/\/api.w.org\/{rel}","templated":true}]}}