{"id":188258,"date":"2024-07-19T16:33:53","date_gmt":"2024-07-19T19:33:53","guid":{"rendered":"https:\/\/tiendaomega.com.ar\/wp\/producto\/soporte-para-tv-skyway-brazo-17-55-pulgadas-st16-gm-6092\/"},"modified":"2025-10-07T09:53:31","modified_gmt":"2025-10-07T12:53:31","slug":"soporte-para-tv-skyway-brazo-17-55-pulgadas-st16-gm-6092","status":"publish","type":"product","link":"https:\/\/tiendaomega.com.ar\/wp\/producto\/soporte-para-tv-skyway-brazo-17-55-pulgadas-st16-gm-6092\/","title":{"rendered":"SOPORTE PARA TV SKYWAY DOBLE BRAZO 17-55 PULGADAS ST16 GM 6092"},"content":{"rendered":"<p>-Carga m\u00e1xima de 40kg.-Fabricado en metal negro.-F\u00e1cil y r\u00e1pida instalaci\u00f3n.-Incluye manueal de usuario.-Para patallas de hasta 55\u00a8pulgadas.-Distancia a la pared 7cm. a 40cm.INCLINACION -5\u00b0 A + 15\u00b0.Vesa: M\u00ednimo 100&#215;100 &#8211; M\u00e1ximo 400&#215;400*VESA=Distancia de agujeros en milimetros.-Soporte m\u00f3vil fuerte y resistente.-Hecho en acero de alta calidad. Incluye: Bolsas de Accesorios de regalo para la instalacion. (23 tornillos de distintos tama\u00f1os,3 tarugos, 4 topes de plastico, 3 arandelas,4 laminitas de tope)<\/p>\n","protected":false},"excerpt":{"rendered":"<p>SOPORTE PARA TV SKYWAY DOBLE BRAZO 17-55 PULGADAS ST16 GM 6092<\/p>\n","protected":false},"featured_media":439516,"template":"","meta":{"_joinchat":[]},"product_brand":[],"product_cat":[169,236],"product_tag":[],"class_list":{"0":"post-188258","1":"product","2":"type-product","3":"status-publish","4":"has-post-thumbnail","6":"product_cat-accesorios-168","7":"product_cat-soportes","9":"first","10":"instock","11":"shipping-taxable","12":"purchasable","13":"product-type-simple"},"_links":{"self":[{"href":"https:\/\/tiendaomega.com.ar\/wp\/wp-json\/wp\/v2\/product\/188258","targetHints":{"allow":["GET"]}}],"collection":[{"href":"https:\/\/tiendaomega.com.ar\/wp\/wp-json\/wp\/v2\/product"}],"about":[{"href":"https:\/\/tiendaomega.com.ar\/wp\/wp-json\/wp\/v2\/types\/product"}],"wp:featuredmedia":[{"embeddable":true,"href":"https:\/\/tiendaomega.com.ar\/wp\/wp-json\/wp\/v2\/media\/439516"}],"wp:attachment":[{"href":"https:\/\/tiendaomega.com.ar\/wp\/wp-json\/wp\/v2\/media?parent=188258"}],"wp:term":[{"taxonomy":"product_brand","embeddable":true,"href":"https:\/\/tiendaomega.com.ar\/wp\/wp-json\/wp\/v2\/product_brand?post=188258"},{"taxonomy":"product_cat","embeddable":true,"href":"https:\/\/tiendaomega.com.ar\/wp\/wp-json\/wp\/v2\/product_cat?post=188258"},{"taxonomy":"product_tag","embeddable":true,"href":"https:\/\/tiendaomega.com.ar\/wp\/wp-json\/wp\/v2\/product_tag?post=188258"}],"curies":[{"name":"wp","href":"https:\/\/api.w.org\/{rel}","templated":true}]}}