{"id":189768,"date":"2024-08-05T18:11:21","date_gmt":"2024-08-05T21:11:21","guid":{"rendered":"https:\/\/tiendaomega.com.ar\/wp\/producto\/gabinete-gamemax-brufen-c1-3-fanes-argb\/"},"modified":"2025-10-02T12:06:09","modified_gmt":"2025-10-02T15:06:09","slug":"gabinete-gamemax-brufen-c1-3-fanes-argb","status":"publish","type":"product","link":"https:\/\/tiendaomega.com.ar\/wp\/producto\/gabinete-gamemax-brufen-c1-3-fanes-argb\/","title":{"rendered":"GABINETE GAMEMAX BRUFEN C1 3 FANES ARGB"},"content":{"rendered":"<p>Especificaci\u00f3nMarca : GamemaxModelo : Brufen C1 Argb (MFG.A368)UPC : 6931858773096Formatos de mother compatibles : E-ATX Micro, Mini ITXColor Exterior : NegroColor Interior : NegroVentana : SiFuente : NoDisplay : NoUsb : 3.0 x 3 ,2.0 x 1AudioMic : HD Audio x 1Card Reader : NoUbicacion de la fuente : AbajoUbicacion de botones : SuperiorIluminacion : RGBCooler Superior soportado : 2 x 120 mm, 2 x 140 mm (No inclu\u00eddos)Cooler Frontal soportado : 3 x 120 mm(incluidos)Cooler Trasero soportado : 1 x 120mm ARGB (incluido)Cooler Inferior soportado : NoBahias Ext. 5 14 : NoBahias Ext. 3 12 : NoTama\u00f1o m\u00e1ximo placa de video : 340mmAltura m\u00e1xima CPU cooler : 170mmBahias Int. : 3,5\u2033 x 2 , 2,5\u2033 x 2Watercooling : Soporte de refrigeraci\u00f3n por agua(No inclu\u00eddo)Dimensiones : 360 x 210 x 440 mmPeso : 4,9 kg<\/p>\n","protected":false},"excerpt":{"rendered":"<p>GABINETE GAMEMAX BRUFEN C1 3 FANES ARGB<\/p>\n","protected":false},"featured_media":439480,"template":"","meta":{"_joinchat":[]},"product_brand":[],"product_cat":[224,229],"product_tag":[],"class_list":{"0":"post-189768","1":"product","2":"type-product","3":"status-publish","4":"has-post-thumbnail","6":"product_cat-componentes-de-pc","7":"product_cat-gabinetes","9":"first","10":"outofstock","11":"shipping-taxable","12":"purchasable","13":"product-type-simple"},"_links":{"self":[{"href":"https:\/\/tiendaomega.com.ar\/wp\/wp-json\/wp\/v2\/product\/189768","targetHints":{"allow":["GET"]}}],"collection":[{"href":"https:\/\/tiendaomega.com.ar\/wp\/wp-json\/wp\/v2\/product"}],"about":[{"href":"https:\/\/tiendaomega.com.ar\/wp\/wp-json\/wp\/v2\/types\/product"}],"wp:featuredmedia":[{"embeddable":true,"href":"https:\/\/tiendaomega.com.ar\/wp\/wp-json\/wp\/v2\/media\/439480"}],"wp:attachment":[{"href":"https:\/\/tiendaomega.com.ar\/wp\/wp-json\/wp\/v2\/media?parent=189768"}],"wp:term":[{"taxonomy":"product_brand","embeddable":true,"href":"https:\/\/tiendaomega.com.ar\/wp\/wp-json\/wp\/v2\/product_brand?post=189768"},{"taxonomy":"product_cat","embeddable":true,"href":"https:\/\/tiendaomega.com.ar\/wp\/wp-json\/wp\/v2\/product_cat?post=189768"},{"taxonomy":"product_tag","embeddable":true,"href":"https:\/\/tiendaomega.com.ar\/wp\/wp-json\/wp\/v2\/product_tag?post=189768"}],"curies":[{"name":"wp","href":"https:\/\/api.w.org\/{rel}","templated":true}]}}