{"id":225800,"date":"2024-09-06T12:29:29","date_gmt":"2024-09-06T15:29:29","guid":{"rendered":"https:\/\/tiendaomega.com.ar\/wp\/producto\/celular-motorola-g24-4g-verde-claro-xt2423-1-6-6-8n-4gbram-5000mah-128gb-cam50816-frontal\/"},"modified":"2025-10-02T11:26:54","modified_gmt":"2025-10-02T14:26:54","slug":"celular-motorola-g24-4g-verde-claro-xt2423-1-6-6-8n-4gbram-5000mah-128gb-cam50816-frontal","status":"publish","type":"product","link":"https:\/\/tiendaomega.com.ar\/wp\/producto\/celular-motorola-g24-4g-verde-claro-xt2423-1-6-6-8n-4gbram-5000mah-128gb-cam50816-frontal\/","title":{"rendered":"CELULAR MOTOROLA G24 4G VERDE CLARO XT2423-1 6.6\u00b4-8N-4GbRAM-5000MAH-128GB CAM50+8+16 FRONTAL"},"content":{"rendered":"<p>Almacenamiento interno128GBRAM4GBBater\u00eda5000 mAhPantalla6,56  (20:9)Sistema OperativoAndroid 14C\u00e1mara trasera Principal: 50 MP (74.26\u00b0) F1.8 Macro: 2 MP (86.2\u00b0) F2.4 C\u00e1mara frontal8 MPPeso180 grWifi802.11 abgnackvru &#8211; WIFI5Dimensiones163,49 mm x 74,53 mm x 7,99 mmBandas1, 2, 3, 4, 5, 7, 8, 13, 26, 28, 38, 50, 66SIMNano SIMBluetoothBT 5.2SensoresAceler\u00f3metro, Sensor de Proximidad, Br\u00fajula (Campo magn\u00e9tico), Giroscopio, Huella Dactilar, Luz ambiente, Desbloqueo FacialNFCNoContenido de la caja Equipo Cubierta protectora Herramienta de extracci\u00f3n de SIM Manual de Usuario Manual de Informaci\u00f3n legal Folleto Cable de datos USB-A &#8211; USB-C Cargador 20W USB-A ProcesadorOcta core 2.0 GHzResolucion1612 x 720 HD+, 269 ppi, HiD ,120 HzCargaCarga Turbotipo cargador20W USB-Atecnologia pantallaLCDProteccion aguaNoSistema de audioWAV,MP3,AAC,AMR-NB,AMR-WB,MIDI,Vorbis,APE,ACC-plus v1,AAC-plus v2,FLAC, ADPCMConector auriculares3.5mm<\/p>\n","protected":false},"excerpt":{"rendered":"<p>CELULAR MOTOROLA G24 4G VERDE CLARO XT2423-1 6.6\u00b4-8N-4GbRAM-5000MAH-128GB CAM50+8+16 FRONTAL <\/p>\n","protected":false},"featured_media":236511,"template":"","meta":{"_joinchat":[]},"product_brand":[],"product_cat":[156],"product_tag":[],"class_list":{"0":"post-225800","1":"product","2":"type-product","3":"status-publish","4":"has-post-thumbnail","6":"product_cat-celulares-y-tablets","8":"first","9":"outofstock","10":"shipping-taxable","11":"purchasable","12":"product-type-simple"},"_links":{"self":[{"href":"https:\/\/tiendaomega.com.ar\/wp\/wp-json\/wp\/v2\/product\/225800","targetHints":{"allow":["GET"]}}],"collection":[{"href":"https:\/\/tiendaomega.com.ar\/wp\/wp-json\/wp\/v2\/product"}],"about":[{"href":"https:\/\/tiendaomega.com.ar\/wp\/wp-json\/wp\/v2\/types\/product"}],"wp:featuredmedia":[{"embeddable":true,"href":"https:\/\/tiendaomega.com.ar\/wp\/wp-json\/wp\/v2\/media\/236511"}],"wp:attachment":[{"href":"https:\/\/tiendaomega.com.ar\/wp\/wp-json\/wp\/v2\/media?parent=225800"}],"wp:term":[{"taxonomy":"product_brand","embeddable":true,"href":"https:\/\/tiendaomega.com.ar\/wp\/wp-json\/wp\/v2\/product_brand?post=225800"},{"taxonomy":"product_cat","embeddable":true,"href":"https:\/\/tiendaomega.com.ar\/wp\/wp-json\/wp\/v2\/product_cat?post=225800"},{"taxonomy":"product_tag","embeddable":true,"href":"https:\/\/tiendaomega.com.ar\/wp\/wp-json\/wp\/v2\/product_tag?post=225800"}],"curies":[{"name":"wp","href":"https:\/\/api.w.org\/{rel}","templated":true}]}}