{"id":3742,"date":"2020-11-16T15:16:06","date_gmt":"2020-11-16T18:16:06","guid":{"rendered":"https:\/\/tiendaomega.com.ar\/producto\/pila-modelo-2025\/"},"modified":"2026-02-17T09:44:45","modified_gmt":"2026-02-17T12:44:45","slug":"pila-modelo-2025","status":"publish","type":"product","link":"https:\/\/tiendaomega.com.ar\/wp\/producto\/pila-modelo-2025\/","title":{"rendered":"PILA MODELO 2025"},"content":{"rendered":"<p>-Modelo: CR2025-PRODUCTO: LITIO di\u00f3xido de manganeso BATER\u00cdA-Tipo de bater\u00eda: CR2025-MARCA: MITSUBISHI-Voltaje nominal: 3V-Es recargable: No-Capacidad de la pila: 150 mAh-Es inflamable: S\u00ed<\/p>\n","protected":false},"excerpt":{"rendered":"<p>PILA MODELO 2025 <\/p>\n","protected":false},"featured_media":463086,"template":"","meta":{"_joinchat":[]},"product_brand":[],"product_cat":[238],"product_tag":[],"class_list":{"0":"post-3742","1":"product","2":"type-product","3":"status-publish","4":"has-post-thumbnail","6":"product_cat-pilasbaterias","8":"first","9":"instock","10":"shipping-taxable","11":"purchasable","12":"product-type-simple"},"_links":{"self":[{"href":"https:\/\/tiendaomega.com.ar\/wp\/wp-json\/wp\/v2\/product\/3742","targetHints":{"allow":["GET"]}}],"collection":[{"href":"https:\/\/tiendaomega.com.ar\/wp\/wp-json\/wp\/v2\/product"}],"about":[{"href":"https:\/\/tiendaomega.com.ar\/wp\/wp-json\/wp\/v2\/types\/product"}],"wp:featuredmedia":[{"embeddable":true,"href":"https:\/\/tiendaomega.com.ar\/wp\/wp-json\/wp\/v2\/media\/463086"}],"wp:attachment":[{"href":"https:\/\/tiendaomega.com.ar\/wp\/wp-json\/wp\/v2\/media?parent=3742"}],"wp:term":[{"taxonomy":"product_brand","embeddable":true,"href":"https:\/\/tiendaomega.com.ar\/wp\/wp-json\/wp\/v2\/product_brand?post=3742"},{"taxonomy":"product_cat","embeddable":true,"href":"https:\/\/tiendaomega.com.ar\/wp\/wp-json\/wp\/v2\/product_cat?post=3742"},{"taxonomy":"product_tag","embeddable":true,"href":"https:\/\/tiendaomega.com.ar\/wp\/wp-json\/wp\/v2\/product_tag?post=3742"}],"curies":[{"name":"wp","href":"https:\/\/api.w.org\/{rel}","templated":true}]}}