{"id":4006,"date":"2020-11-16T15:34:59","date_gmt":"2020-11-16T18:34:59","guid":{"rendered":"https:\/\/tiendaomega.com.ar\/producto\/adaptador-audio-c50-netmak-3-5-h-a-2-salidas-mic-auri-m\/"},"modified":"2026-03-25T09:47:23","modified_gmt":"2026-03-25T12:47:23","slug":"adaptador-audio-c50-netmak-3-5-h-a-2-salidas-mic-auri-m","status":"publish","type":"product","link":"https:\/\/tiendaomega.com.ar\/wp\/producto\/adaptador-audio-c50-netmak-3-5-h-a-2-salidas-mic-auri-m\/","title":{"rendered":"ADAPTADOR AUDIO C50 NETMAK 3.5 (H) a 2 salidas Mic + Auri (M)"},"content":{"rendered":"<p>* Conecte un auricular de 4 posiciones (audio y micr\u00f3fono) a una computadora  ordenador port\u00e1til que tiene puertos de micr\u00f3fono y audio separados;* Funciona con todas las aplicaciones de PC &#8211; Skype, MSN Messenger, Yahoo, Google Voice etc.* Compatible con varios ordenadores port\u00e1tiles que tienen puertos de micr\u00f3fono y audio separados* Dise\u00f1o de compacto para m\u00e1xima portabilidad* Gran soluci\u00f3n para llevar siempre en el bolso de su laptop.* Conectores resisten la corrosi\u00f3n y aseguran una \u00f3ptima calidad de sonido.<\/p>\n","protected":false},"excerpt":{"rendered":"<p>ADAPTADOR AUDIO C50 NETMAK 3.5 (H) a 2 salidas Mic + Auri (M)<\/p>\n","protected":false},"featured_media":466463,"template":"","meta":{"_joinchat":[]},"product_brand":[],"product_cat":[169,235],"product_tag":[],"class_list":{"0":"post-4006","1":"product","2":"type-product","3":"status-publish","4":"has-post-thumbnail","6":"product_cat-accesorios-168","7":"product_cat-adaptadores","9":"first","10":"instock","11":"shipping-taxable","12":"purchasable","13":"product-type-simple"},"_links":{"self":[{"href":"https:\/\/tiendaomega.com.ar\/wp\/wp-json\/wp\/v2\/product\/4006","targetHints":{"allow":["GET"]}}],"collection":[{"href":"https:\/\/tiendaomega.com.ar\/wp\/wp-json\/wp\/v2\/product"}],"about":[{"href":"https:\/\/tiendaomega.com.ar\/wp\/wp-json\/wp\/v2\/types\/product"}],"wp:featuredmedia":[{"embeddable":true,"href":"https:\/\/tiendaomega.com.ar\/wp\/wp-json\/wp\/v2\/media\/466463"}],"wp:attachment":[{"href":"https:\/\/tiendaomega.com.ar\/wp\/wp-json\/wp\/v2\/media?parent=4006"}],"wp:term":[{"taxonomy":"product_brand","embeddable":true,"href":"https:\/\/tiendaomega.com.ar\/wp\/wp-json\/wp\/v2\/product_brand?post=4006"},{"taxonomy":"product_cat","embeddable":true,"href":"https:\/\/tiendaomega.com.ar\/wp\/wp-json\/wp\/v2\/product_cat?post=4006"},{"taxonomy":"product_tag","embeddable":true,"href":"https:\/\/tiendaomega.com.ar\/wp\/wp-json\/wp\/v2\/product_tag?post=4006"}],"curies":[{"name":"wp","href":"https:\/\/api.w.org\/{rel}","templated":true}]}}