{"id":4119,"date":"2020-11-16T15:47:35","date_gmt":"2020-11-16T18:47:35","guid":{"rendered":"https:\/\/tiendaomega.com.ar\/producto\/mouse-genius-inal-mh-8100-negro-con-auricular\/"},"modified":"2025-10-02T11:46:03","modified_gmt":"2025-10-02T14:46:03","slug":"mouse-genius-inal-mh-8100-negro-con-auricular","status":"publish","type":"product","link":"https:\/\/tiendaomega.com.ar\/wp\/producto\/mouse-genius-inal-mh-8100-negro-con-auricular\/","title":{"rendered":"MOUSE GENIUS INAL MH-8100 NEGRO (CON AURICULAR)"},"content":{"rendered":"<p>-Tipo de mouse: Convencional-Con Auriculares de regalo-Tipo de sensor: \u00d3ptico-Tecnolog\u00eda del sensor: BlueEye-Es inal\u00e1mbrico USB: S\u00ed-Con Bluetooth: No-Con cable: No-Resoluci\u00f3n del sensor: 1600 dpi-Cantidad de botones: 3-Interfaces: USB-Radio frecuencia: 2.4 GHz-Con rueda de desplazamiento: S\u00ed-Es recargable: S\u00ed<\/p>\n","protected":false},"excerpt":{"rendered":"<p>MOUSE GENIUS INAL MH-8100 NEGRO (CON AURICULAR)<\/p>\n","protected":false},"featured_media":181538,"template":"","meta":{"_joinchat":[]},"product_brand":[],"product_cat":[148,147],"product_tag":[],"class_list":{"0":"post-4119","1":"product","2":"type-product","3":"status-publish","4":"has-post-thumbnail","6":"product_cat-mouse","7":"product_cat-perifericos","9":"first","10":"outofstock","11":"shipping-taxable","12":"purchasable","13":"product-type-simple"},"_links":{"self":[{"href":"https:\/\/tiendaomega.com.ar\/wp\/wp-json\/wp\/v2\/product\/4119","targetHints":{"allow":["GET"]}}],"collection":[{"href":"https:\/\/tiendaomega.com.ar\/wp\/wp-json\/wp\/v2\/product"}],"about":[{"href":"https:\/\/tiendaomega.com.ar\/wp\/wp-json\/wp\/v2\/types\/product"}],"wp:featuredmedia":[{"embeddable":true,"href":"https:\/\/tiendaomega.com.ar\/wp\/wp-json\/wp\/v2\/media\/181538"}],"wp:attachment":[{"href":"https:\/\/tiendaomega.com.ar\/wp\/wp-json\/wp\/v2\/media?parent=4119"}],"wp:term":[{"taxonomy":"product_brand","embeddable":true,"href":"https:\/\/tiendaomega.com.ar\/wp\/wp-json\/wp\/v2\/product_brand?post=4119"},{"taxonomy":"product_cat","embeddable":true,"href":"https:\/\/tiendaomega.com.ar\/wp\/wp-json\/wp\/v2\/product_cat?post=4119"},{"taxonomy":"product_tag","embeddable":true,"href":"https:\/\/tiendaomega.com.ar\/wp\/wp-json\/wp\/v2\/product_tag?post=4119"}],"curies":[{"name":"wp","href":"https:\/\/api.w.org\/{rel}","templated":true}]}}