{"id":442917,"date":"2025-01-16T16:42:17","date_gmt":"2025-01-16T19:42:17","guid":{"rendered":"https:\/\/tiendaomega.com.ar\/wp\/producto\/teclado-gamer-mecanico-100-netmak-alliance-switch-red\/"},"modified":"2026-03-04T09:52:47","modified_gmt":"2026-03-04T12:52:47","slug":"teclado-gamer-mecanico-100-netmak-alliance-switch-red","status":"publish","type":"product","link":"https:\/\/tiendaomega.com.ar\/wp\/producto\/teclado-gamer-mecanico-100-netmak-alliance-switch-red\/","title":{"rendered":"TECLADO GAMER MECANICO 100% NETMAK ALLIANCE SWITCH RED"},"content":{"rendered":"<p>Descripci\u00f3nFormato: 100%Tipo de switch: RojoIdioma del teclado: Espa\u00f1ol (incluye tecla \u00d1).Retroiluminaci\u00f3n Led: 9 modosCuenta con 12 teclas multimedia para accesos rapidos.Cantidad de teclas: 104Anti-ghosting 26 TeclasConexi\u00f3n USB: Cable USB 1,5m.Compatibilidad: Todos los sistemas operativosMedidas: 448 x 178 x 38mmPeso: 720g<\/p>\n","protected":false},"excerpt":{"rendered":"<p>TECLADO GAMER MECANICO 100% NETMAK ALLIANCE SWITCH RED<\/p>\n","protected":false},"featured_media":459753,"template":"","meta":{"_joinchat":[]},"product_brand":[],"product_cat":[147,149],"product_tag":[],"class_list":{"0":"post-442917","1":"product","2":"type-product","3":"status-publish","4":"has-post-thumbnail","6":"product_cat-perifericos","7":"product_cat-teclados","9":"first","10":"instock","11":"shipping-taxable","12":"purchasable","13":"product-type-simple"},"_links":{"self":[{"href":"https:\/\/tiendaomega.com.ar\/wp\/wp-json\/wp\/v2\/product\/442917","targetHints":{"allow":["GET"]}}],"collection":[{"href":"https:\/\/tiendaomega.com.ar\/wp\/wp-json\/wp\/v2\/product"}],"about":[{"href":"https:\/\/tiendaomega.com.ar\/wp\/wp-json\/wp\/v2\/types\/product"}],"wp:featuredmedia":[{"embeddable":true,"href":"https:\/\/tiendaomega.com.ar\/wp\/wp-json\/wp\/v2\/media\/459753"}],"wp:attachment":[{"href":"https:\/\/tiendaomega.com.ar\/wp\/wp-json\/wp\/v2\/media?parent=442917"}],"wp:term":[{"taxonomy":"product_brand","embeddable":true,"href":"https:\/\/tiendaomega.com.ar\/wp\/wp-json\/wp\/v2\/product_brand?post=442917"},{"taxonomy":"product_cat","embeddable":true,"href":"https:\/\/tiendaomega.com.ar\/wp\/wp-json\/wp\/v2\/product_cat?post=442917"},{"taxonomy":"product_tag","embeddable":true,"href":"https:\/\/tiendaomega.com.ar\/wp\/wp-json\/wp\/v2\/product_tag?post=442917"}],"curies":[{"name":"wp","href":"https:\/\/api.w.org\/{rel}","templated":true}]}}