{"id":442919,"date":"2025-01-16T16:42:24","date_gmt":"2025-01-16T19:42:24","guid":{"rendered":"https:\/\/tiendaomega.com.ar\/wp\/producto\/joystick-nogapc-ps4-bluethoot-ng-4550x-bat-recargable\/"},"modified":"2025-10-02T11:27:54","modified_gmt":"2025-10-02T14:27:54","slug":"joystick-nogapc-ps4-bluethoot-ng-4550x-bat-recargable","status":"publish","type":"product","link":"https:\/\/tiendaomega.com.ar\/wp\/producto\/joystick-nogapc-ps4-bluethoot-ng-4550x-bat-recargable\/","title":{"rendered":"JOYSTICK NOGAPC PS4 BLUETHOOT NG-4550X BAT RECARGABLE"},"content":{"rendered":"<p>Gamepad Inal\u00e1mbrico compatible con PC y P4.Tambi\u00e9n es compatible con Android &amp; iOS y con P3 mediante uso de cable.Funciona con Tecnolog\u00eda Inal\u00e1mbrica BT con alcance de hasta 8 metros.Presenta Pad central con funci\u00f3n de click.Posee Motores de vibraci\u00f3n doble con distintos niveles de potencia.Comodidad y Precisi\u00f3n en tus juegos.- 12 Botones de Acci\u00f3n programables- 1 Pad de Direcci\u00f3n- 1 Pad central con funci\u00f3n de click- Botones programables MR y ML- Botones HomeShareOption- 4 Botones de Acci\u00f3n- 2 Sticks de direcci\u00f3n- Motores de vibraci\u00f3n doble con distintos niveles de potencia- Compatible con PCP4AndroidiOS y con P3 mediante uso de cable- Tecnolog\u00eda Inal\u00e1mbrica BT con alcance de hasta 8 metros- Funciona con Bater\u00eda de Litio de 1000mA- Incluye Cable USBUSB Type-C de 1 metro para recarga de bater\u00eda<\/p>\n","protected":false},"excerpt":{"rendered":"<p>JOYSTICK NOGAPC PS4 BLUETHOOT NG-4550X BAT RECARGABLE<\/p>\n","protected":false},"featured_media":445893,"template":"","meta":{"_joinchat":[]},"product_brand":[],"product_cat":[153,147],"product_tag":[],"class_list":{"0":"post-442919","1":"product","2":"type-product","3":"status-publish","4":"has-post-thumbnail","6":"product_cat-joystick","7":"product_cat-perifericos","9":"first","10":"outofstock","11":"shipping-taxable","12":"purchasable","13":"product-type-simple"},"_links":{"self":[{"href":"https:\/\/tiendaomega.com.ar\/wp\/wp-json\/wp\/v2\/product\/442919","targetHints":{"allow":["GET"]}}],"collection":[{"href":"https:\/\/tiendaomega.com.ar\/wp\/wp-json\/wp\/v2\/product"}],"about":[{"href":"https:\/\/tiendaomega.com.ar\/wp\/wp-json\/wp\/v2\/types\/product"}],"wp:featuredmedia":[{"embeddable":true,"href":"https:\/\/tiendaomega.com.ar\/wp\/wp-json\/wp\/v2\/media\/445893"}],"wp:attachment":[{"href":"https:\/\/tiendaomega.com.ar\/wp\/wp-json\/wp\/v2\/media?parent=442919"}],"wp:term":[{"taxonomy":"product_brand","embeddable":true,"href":"https:\/\/tiendaomega.com.ar\/wp\/wp-json\/wp\/v2\/product_brand?post=442919"},{"taxonomy":"product_cat","embeddable":true,"href":"https:\/\/tiendaomega.com.ar\/wp\/wp-json\/wp\/v2\/product_cat?post=442919"},{"taxonomy":"product_tag","embeddable":true,"href":"https:\/\/tiendaomega.com.ar\/wp\/wp-json\/wp\/v2\/product_tag?post=442919"}],"curies":[{"name":"wp","href":"https:\/\/api.w.org\/{rel}","templated":true}]}}