{"id":444297,"date":"2025-02-19T09:26:31","date_gmt":"2025-02-19T12:26:31","guid":{"rendered":"https:\/\/tiendaomega.com.ar\/wp\/producto\/pen-drive-kingston-256-gb-usb-3-2-exodia-m\/"},"modified":"2025-10-02T11:18:52","modified_gmt":"2025-10-02T14:18:52","slug":"pen-drive-kingston-256-gb-usb-3-2-exodia-m","status":"publish","type":"product","link":"https:\/\/tiendaomega.com.ar\/wp\/producto\/pen-drive-kingston-256-gb-usb-3-2-exodia-m\/","title":{"rendered":"PEN DRIVE KINGSTON 256 GB USB 3.2 EXODIA M"},"content":{"rendered":"<p>Unidad Flash USB DataTraveler Exodia Mcon capuch\u00f3n m\u00f3vil en m\u00faltiples coloresDataTraveler\u00ae Exodia\u2122 M de Kingston es una soluci\u00f3n de almacenamiento compatible con USB 3.2 Gen 1 para port\u00e1tiles equipos de sobremesa monitores y otros dispositivos digitales. DT Exodia M permite r\u00e1pidas transferencias y facilita el almacenamiento de documentos m\u00fasica v\u00eddeo y mucho m\u00e1s. Est\u00e1 disponible en diversas opciones de elegantes colores que se corresponden con capacidades de hasta 256 GB1. Su pr\u00e1ctico dise\u00f1o la convierte en una soluci\u00f3n de almacenamiento ideal tanto en el trabajo como en el aula o en el hogar. Las unidades DT Exodia M est\u00e1n respaldadas por una garant\u00eda de cinco a\u00f1os soporte t\u00e9cnico gratuito y la legendaria fiabilidad de Kingston\u00ae.Dise\u00f1o de capuch\u00f3n m\u00f3vil para proteger el conector USB<\/p>\n","protected":false},"excerpt":{"rendered":"<p>PEN DRIVE KINGSTON 256 GB USB 3.2 EXODIA M<\/p>\n","protected":false},"featured_media":444336,"template":"","meta":{"_joinchat":[]},"product_brand":[],"product_cat":[159,161],"product_tag":[],"class_list":{"0":"post-444297","1":"product","2":"type-product","3":"status-publish","4":"has-post-thumbnail","6":"product_cat-almacenamiento","7":"product_cat-pendrive","9":"first","10":"outofstock","11":"shipping-taxable","12":"purchasable","13":"product-type-simple"},"_links":{"self":[{"href":"https:\/\/tiendaomega.com.ar\/wp\/wp-json\/wp\/v2\/product\/444297","targetHints":{"allow":["GET"]}}],"collection":[{"href":"https:\/\/tiendaomega.com.ar\/wp\/wp-json\/wp\/v2\/product"}],"about":[{"href":"https:\/\/tiendaomega.com.ar\/wp\/wp-json\/wp\/v2\/types\/product"}],"wp:featuredmedia":[{"embeddable":true,"href":"https:\/\/tiendaomega.com.ar\/wp\/wp-json\/wp\/v2\/media\/444336"}],"wp:attachment":[{"href":"https:\/\/tiendaomega.com.ar\/wp\/wp-json\/wp\/v2\/media?parent=444297"}],"wp:term":[{"taxonomy":"product_brand","embeddable":true,"href":"https:\/\/tiendaomega.com.ar\/wp\/wp-json\/wp\/v2\/product_brand?post=444297"},{"taxonomy":"product_cat","embeddable":true,"href":"https:\/\/tiendaomega.com.ar\/wp\/wp-json\/wp\/v2\/product_cat?post=444297"},{"taxonomy":"product_tag","embeddable":true,"href":"https:\/\/tiendaomega.com.ar\/wp\/wp-json\/wp\/v2\/product_tag?post=444297"}],"curies":[{"name":"wp","href":"https:\/\/api.w.org\/{rel}","templated":true}]}}