{"id":446518,"date":"2025-04-17T12:57:36","date_gmt":"2025-04-17T15:57:36","guid":{"rendered":"https:\/\/tiendaomega.com.ar\/wp\/producto\/mochila-lenovo-15-6-laptop-casual-b210-green-beige\/"},"modified":"2025-10-02T11:28:59","modified_gmt":"2025-10-02T14:28:59","slug":"mochila-lenovo-15-6-laptop-casual-b210-green-beige","status":"publish","type":"product","link":"https:\/\/tiendaomega.com.ar\/wp\/producto\/mochila-lenovo-15-6-laptop-casual-b210-green-beige\/","title":{"rendered":"MOCHILA LENOVO 15.6 LAPTOP CASUAL B210 Green Beige"},"content":{"rendered":"<p>Caracter\u00edsticas y especificacionesLenovo Mochila notebook 156  B210 Beige GX40Q17228La mochila informal Lenovo B210 de 156  utiliza una tela repelente al agua y un dise\u00f1o limpio y estilizado para crear una funda que se adapta perfectamente a la vida moderna. Ofrece un compartimento integrado para computadora port\u00e1til que se adapta c\u00f3modamente a la mayor\u00eda de las computadoras port\u00e1tiles de hasta 156 pulgadas una variedad de bolsillos internos para los accesorios imprescindibles y un espacioso compartimento principal para libros y otros art\u00edculos.Especificaciones- Se adapta hasta (L x P x H): 255 x 22 x 362 mm- Color: Beige- Peso: 044 kilos- Marca: Lenovo- Tipo de paquete: Bolsa de PE- Dimensiones del paquete (L x P x H): 480x315x50 mm- Altura: 120 mm- Longitud: 445 mil\u00edmetros- Profundidad: 310 mm- Material de tela exterior: Poli\u00e9ster- Compartimento acolchado para port\u00e1til: S\u00ed<\/p>\n","protected":false},"excerpt":{"rendered":"<p>MOCHILA LENOVO 15.6 LAPTOP CASUAL B210 Green Beige<\/p>\n","protected":false},"featured_media":446731,"template":"","meta":{"_joinchat":[]},"product_brand":[],"product_cat":[169,262],"product_tag":[],"class_list":{"0":"post-446518","1":"product","2":"type-product","3":"status-publish","4":"has-post-thumbnail","6":"product_cat-accesorios-168","7":"product_cat-fundas","9":"first","10":"outofstock","11":"shipping-taxable","12":"purchasable","13":"product-type-simple"},"_links":{"self":[{"href":"https:\/\/tiendaomega.com.ar\/wp\/wp-json\/wp\/v2\/product\/446518","targetHints":{"allow":["GET"]}}],"collection":[{"href":"https:\/\/tiendaomega.com.ar\/wp\/wp-json\/wp\/v2\/product"}],"about":[{"href":"https:\/\/tiendaomega.com.ar\/wp\/wp-json\/wp\/v2\/types\/product"}],"wp:featuredmedia":[{"embeddable":true,"href":"https:\/\/tiendaomega.com.ar\/wp\/wp-json\/wp\/v2\/media\/446731"}],"wp:attachment":[{"href":"https:\/\/tiendaomega.com.ar\/wp\/wp-json\/wp\/v2\/media?parent=446518"}],"wp:term":[{"taxonomy":"product_brand","embeddable":true,"href":"https:\/\/tiendaomega.com.ar\/wp\/wp-json\/wp\/v2\/product_brand?post=446518"},{"taxonomy":"product_cat","embeddable":true,"href":"https:\/\/tiendaomega.com.ar\/wp\/wp-json\/wp\/v2\/product_cat?post=446518"},{"taxonomy":"product_tag","embeddable":true,"href":"https:\/\/tiendaomega.com.ar\/wp\/wp-json\/wp\/v2\/product_tag?post=446518"}],"curies":[{"name":"wp","href":"https:\/\/api.w.org\/{rel}","templated":true}]}}