{"id":446867,"date":"2025-04-24T20:49:15","date_gmt":"2025-04-24T23:49:15","guid":{"rendered":"https:\/\/tiendaomega.com.ar\/wp\/producto\/aro-de-luz-argomtech-spotlight-9315-led-con-mini-tripode-luz-blanco-calido-8\/"},"modified":"2025-10-07T09:57:26","modified_gmt":"2025-10-07T12:57:26","slug":"aro-de-luz-argomtech-spotlight-9315-led-con-mini-tripode-luz-blanco-calido-8","status":"publish","type":"product","link":"https:\/\/tiendaomega.com.ar\/wp\/producto\/aro-de-luz-argomtech-spotlight-9315-led-con-mini-tripode-luz-blanco-calido-8\/","title":{"rendered":"ARO DE LUZ ARGOMTECH SPOTLIGHT 9315 LED CON MINI TRIPODE LUZ BLANCO CALIDO 8\u00b4\u00b4"},"content":{"rendered":"<p>DetallesAro de Luz Led de 8  con Mini Tripode Argomtech Spotligth 9315 &#8211; ARG-LP-9315BKLleve sus proyectos de producci\u00f3n de v\u00eddeo a un nivel completamente nuevo con nuestros anillos de luces LED. Cambie din\u00e1micamente el entorno de iluminaci\u00f3n con los 3 modos de color y 10 niveles de brillo. La soluci\u00f3n perfecta para transmisiones en vivo podcasts vlogging selfies videoconferencias y m\u00e1s.Especificaciones\u2022 Cantidad de LED: 72 en total (36 c\u00e1lidos + 36 fr\u00edos)\u2022 Di\u00e1metro del anillo de luz: 8 \u2022 Temperatura de color: 3000K-6000K\u2022 \u00cdndice de reproducci\u00f3n crom\u00e1tica: &gt;83\u2022 Lux: 700lm\u2022 Alimentaci\u00f3n: USB 5V2A\u2022 Control en l\u00ednea para brillo modo de color y potencia\u2022 Salida m\u00e1xima: 10 W\u2022 Atenuaci\u00f3n: 1-100 %\u2022 Longitud del cable: 62 pies\u2022 Soporte para tel\u00e9fono ajustable y flexible de 360\u00b0\u2022 Mini tr\u00edpode de 75  con r\u00f3tula giratoria de 360\u00b0 incluida\u2022 Soporta tel\u00e9fonos de hasta a 65 EspecificacionesCaracter\u00edsticas GeneralesMarca:ArgomtechModelo:Spotligtn 9315Color:NegroEspecificacionesEs recargable:NoAtributos EspecialesTipo de alimentaci\u00f3n:USB 5V2ADimensiones y datos Log\u00edsticosC\u00f3digo universal de producto:886540007460Es kit:No<\/p>\n","protected":false},"excerpt":{"rendered":"<p>ARO DE LUZ ARGOMTECH SPOTLIGHT 9315 LED CON MINI TRIPODE LUZ BLANCO CALIDO 8\u00b4\u00b4<\/p>\n","protected":false},"featured_media":446956,"template":"","meta":{"_joinchat":[]},"product_brand":[],"product_cat":[31],"product_tag":[],"class_list":{"0":"post-446867","1":"product","2":"type-product","3":"status-publish","4":"has-post-thumbnail","6":"product_cat-sin-categorizar","8":"first","9":"instock","10":"shipping-taxable","11":"purchasable","12":"product-type-simple"},"_links":{"self":[{"href":"https:\/\/tiendaomega.com.ar\/wp\/wp-json\/wp\/v2\/product\/446867","targetHints":{"allow":["GET"]}}],"collection":[{"href":"https:\/\/tiendaomega.com.ar\/wp\/wp-json\/wp\/v2\/product"}],"about":[{"href":"https:\/\/tiendaomega.com.ar\/wp\/wp-json\/wp\/v2\/types\/product"}],"wp:featuredmedia":[{"embeddable":true,"href":"https:\/\/tiendaomega.com.ar\/wp\/wp-json\/wp\/v2\/media\/446956"}],"wp:attachment":[{"href":"https:\/\/tiendaomega.com.ar\/wp\/wp-json\/wp\/v2\/media?parent=446867"}],"wp:term":[{"taxonomy":"product_brand","embeddable":true,"href":"https:\/\/tiendaomega.com.ar\/wp\/wp-json\/wp\/v2\/product_brand?post=446867"},{"taxonomy":"product_cat","embeddable":true,"href":"https:\/\/tiendaomega.com.ar\/wp\/wp-json\/wp\/v2\/product_cat?post=446867"},{"taxonomy":"product_tag","embeddable":true,"href":"https:\/\/tiendaomega.com.ar\/wp\/wp-json\/wp\/v2\/product_tag?post=446867"}],"curies":[{"name":"wp","href":"https:\/\/api.w.org\/{rel}","templated":true}]}}