{"id":447547,"date":"2025-05-08T21:17:04","date_gmt":"2025-05-09T00:17:04","guid":{"rendered":"https:\/\/tiendaomega.com.ar\/wp\/producto\/proyector-havit-pj217-prime-moonstone\/"},"modified":"2025-10-02T12:10:50","modified_gmt":"2025-10-02T15:10:50","slug":"proyector-havit-pj217-prime-moonstone","status":"publish","type":"product","link":"https:\/\/tiendaomega.com.ar\/wp\/producto\/proyector-havit-pj217-prime-moonstone\/","title":{"rendered":"PROYECTOR HAVIT PJ217 PRIME MOONSTONE"},"content":{"rendered":"<p>Proyector inal\u00e1mbrico HAVIT PJ217-EU  Proyector OHVIT (blanco).El Havit PJ217-EU es la soluci\u00f3n perfecta para los entusiastas del cine en casa. El proyector ofrece una resoluci\u00f3n de 1280 x 720p lo que garantiza im\u00e1genes n\u00edtidas y claras con una diagonal m\u00e1xima de hasta 300 . Permite la conexi\u00f3n inal\u00e1mbrica a varios dispositivos proporcionando acceso gratuito a contenidos de la web aplicaciones u otras fuentes. Su tama\u00f1o compacto y peso ligero permiten llevarlo f\u00e1cilmente a distintos lugares para disfrutar del entretenimiento donde quieras.Una experiencia cinematogr\u00e1fica en casa\u00a1El proyector Havit har\u00e1 de cada noche de cine una experiencia visual \u00fanica! Con una resoluci\u00f3n de 1280 x 720p y un brillo de 180 ANSI l\u00famenes proporciona im\u00e1genes con una nitidez asombrosa colores intensos y contrastes profundos. Con un amplio rango de distancia de proyecci\u00f3n (15-5 m) y \u00e1rea de proyecci\u00f3n podr\u00e1 disfrutar de una experiencia cinematogr\u00e1fica en una pantalla grande de hasta 300 pulgadas sin sacrificar la calidad de imagen.Funcionamiento c\u00f3modoAhora puede eliminar f\u00e1cilmente los errores cometidos al configurar el proyector. El proyector permite la correcci\u00f3n trapezoidal y el enfoque autom\u00e1tico semiautom\u00e1tico, por lo que obtendr\u00e1 una imagen perfectamente n\u00edtida en un abrir y cerrar de ojos, y el mando a distancia se lo pone a\u00fan m\u00e1s f\u00e1cil. Adem\u00e1s, la imagen se proyecta uniformemente, independientemente del \u00e1ngulo del proyector, lo que proporciona una experiencia visual inigualable.FabricanteHavitModeloPJ217-EUColorBlancoTipo de pantallaLCD 2.69  Luminosidad180 l\u00famenes ANSIResoluci\u00f3n original1280 x 720 pDistancia de proyecci\u00f3n1.5 &#8211; 5 m\u00c1rea de proyecci\u00f3n45 &#8211; 300 Relaci\u00f3n de aspecto16:9  4:3Wi-FiS\u00ed (2,4 GHZ y 5 GHz)Conexi\u00f3n inal\u00e1mbricaS\u00edEntradas  salidasAV, HDMI, USBAltavoz4\u03a93WConsumo de energ\u00eda70 WDimensiones\u03c6203 x 83 mmPeso0,96 kg<\/p>\n","protected":false},"excerpt":{"rendered":"<p>PROYECTOR HAVIT PJ217 PRIME MOONSTONE<\/p>\n","protected":false},"featured_media":447554,"template":"","meta":{"_joinchat":[]},"product_brand":[],"product_cat":[31],"product_tag":[],"class_list":{"0":"post-447547","1":"product","2":"type-product","3":"status-publish","4":"has-post-thumbnail","6":"product_cat-sin-categorizar","8":"first","9":"outofstock","10":"shipping-taxable","11":"purchasable","12":"product-type-simple"},"_links":{"self":[{"href":"https:\/\/tiendaomega.com.ar\/wp\/wp-json\/wp\/v2\/product\/447547","targetHints":{"allow":["GET"]}}],"collection":[{"href":"https:\/\/tiendaomega.com.ar\/wp\/wp-json\/wp\/v2\/product"}],"about":[{"href":"https:\/\/tiendaomega.com.ar\/wp\/wp-json\/wp\/v2\/types\/product"}],"wp:featuredmedia":[{"embeddable":true,"href":"https:\/\/tiendaomega.com.ar\/wp\/wp-json\/wp\/v2\/media\/447554"}],"wp:attachment":[{"href":"https:\/\/tiendaomega.com.ar\/wp\/wp-json\/wp\/v2\/media?parent=447547"}],"wp:term":[{"taxonomy":"product_brand","embeddable":true,"href":"https:\/\/tiendaomega.com.ar\/wp\/wp-json\/wp\/v2\/product_brand?post=447547"},{"taxonomy":"product_cat","embeddable":true,"href":"https:\/\/tiendaomega.com.ar\/wp\/wp-json\/wp\/v2\/product_cat?post=447547"},{"taxonomy":"product_tag","embeddable":true,"href":"https:\/\/tiendaomega.com.ar\/wp\/wp-json\/wp\/v2\/product_tag?post=447547"}],"curies":[{"name":"wp","href":"https:\/\/api.w.org\/{rel}","templated":true}]}}