{"id":450664,"date":"2025-07-25T15:31:21","date_gmt":"2025-07-25T18:31:21","guid":{"rendered":"https:\/\/tiendaomega.com.ar\/wp\/producto\/mouse-raptor-storm-grip-wireless-12800dpi\/"},"modified":"2026-04-15T20:33:09","modified_gmt":"2026-04-15T23:33:09","slug":"mouse-raptor-storm-grip-wireless-12800dpi","status":"publish","type":"product","link":"https:\/\/tiendaomega.com.ar\/wp\/producto\/mouse-raptor-storm-grip-wireless-12800dpi\/","title":{"rendered":"MOUSE RAPTOR STORM GRIP WIRELESS 12800DPI"},"content":{"rendered":"<p>Caracter\u00edsticas Generales del ProductoProceso general del productoMoldeo por inyecci\u00f3n a temperatura de aceiteGrabadoGrabado l\u00e1ser lateral LOGO + serigraf\u00eda frontal LOGO (blanco)Peso del producto57 \u00b1 2 gramosTama\u00f1o del productoLargo 120MM \u00d7 Ancho 60MM \u00d7 Alto 38MMN\u00famero de botones6Alfombrillas de sueloMaterial de la UPEConectividadModos de conexi\u00f3nCable + 2.4G + BTCambio de modoBot\u00f3n de cambio de modo para cambiar entre 2.4G + BT1 + BT2Emparejamiento de c\u00f3digo 2.4GM\u00e9todo 1: Mantenga presionado el bot\u00f3n de cambio de modo durante 3 segundos la luz indicadora parpadear\u00e1 r\u00e1pidamente conecte el receptor y la luz de emparejamiento exitoso estar\u00e1 siempre encendida. M\u00e9todo 2: Conecte el cable de datos.Valor predeterminadoCableadoNombres de BluetoothRaptor BT5  Raptor BT3Rendimiento T\u00e9cnicoCI optoelectr\u00f3nicoS203DPI800  1600  2400  3200  6400  12800Tasa de retornoCon cable: 1000 Hz 2.4G: 125  250  500  1000 Hz BT: 125 HzIndicador LED de DPIS\u00ed luz DPI: rojo-verde-azul-amarillo-cian-violetaAlimentaci\u00f3nBater\u00eda400 mAhVoltaje de trabajo3.7 VCorriente de trabajo6-10 mACorriente en suspensi\u00f3n0.01-0.21 mA (15 s)Corriente en suspensi\u00f3n profunda0.02 mA (20 min)Luz indicadora de cargaDurante la carga la luz roja est\u00e1 siempre encendida; al estar completamente cargada se apaga.Conectividad F\u00edsicaPuerto de cargaTipo CEspecificaciones del cable USBCable de datos USB a tipo C de PVC de 1 mLargo de cable1.5 metros<\/p>\n","protected":false},"excerpt":{"rendered":"<p>MOUSE RAPTOR STORM GRIP WIRELESS 12800DPI<\/p>\n","protected":false},"featured_media":467493,"template":"","meta":{"_joinchat":[]},"product_brand":[],"product_cat":[148,147],"product_tag":[],"class_list":{"0":"post-450664","1":"product","2":"type-product","3":"status-publish","4":"has-post-thumbnail","6":"product_cat-mouse","7":"product_cat-perifericos","9":"first","10":"instock","11":"shipping-taxable","12":"purchasable","13":"product-type-simple"},"_links":{"self":[{"href":"https:\/\/tiendaomega.com.ar\/wp\/wp-json\/wp\/v2\/product\/450664","targetHints":{"allow":["GET"]}}],"collection":[{"href":"https:\/\/tiendaomega.com.ar\/wp\/wp-json\/wp\/v2\/product"}],"about":[{"href":"https:\/\/tiendaomega.com.ar\/wp\/wp-json\/wp\/v2\/types\/product"}],"wp:featuredmedia":[{"embeddable":true,"href":"https:\/\/tiendaomega.com.ar\/wp\/wp-json\/wp\/v2\/media\/467493"}],"wp:attachment":[{"href":"https:\/\/tiendaomega.com.ar\/wp\/wp-json\/wp\/v2\/media?parent=450664"}],"wp:term":[{"taxonomy":"product_brand","embeddable":true,"href":"https:\/\/tiendaomega.com.ar\/wp\/wp-json\/wp\/v2\/product_brand?post=450664"},{"taxonomy":"product_cat","embeddable":true,"href":"https:\/\/tiendaomega.com.ar\/wp\/wp-json\/wp\/v2\/product_cat?post=450664"},{"taxonomy":"product_tag","embeddable":true,"href":"https:\/\/tiendaomega.com.ar\/wp\/wp-json\/wp\/v2\/product_tag?post=450664"}],"curies":[{"name":"wp","href":"https:\/\/api.w.org\/{rel}","templated":true}]}}