{"id":450666,"date":"2025-07-25T15:31:33","date_gmt":"2025-07-25T18:31:33","guid":{"rendered":"https:\/\/tiendaomega.com.ar\/wp\/producto\/microfono-raptor-vox-rgb-usb-pstreaming\/"},"modified":"2026-02-03T09:58:06","modified_gmt":"2026-02-03T12:58:06","slug":"microfono-raptor-vox-rgb-usb-pstreaming","status":"publish","type":"product","link":"https:\/\/tiendaomega.com.ar\/wp\/producto\/microfono-raptor-vox-rgb-usb-pstreaming\/","title":{"rendered":"MICROFONO RAPTOR VOX RGB USB PSTREAMING"},"content":{"rendered":"<p>Modelo: RAP-MICRO-RGB-USBLargo de cable: 1.8 metros.Tipo de Micr\u00f3fono: direccional en forma de coraz\u00f3n.Tensi\u00f3ncorriente de funcionamiento: DCSV100 MaMicr\u00f3fono capacitivo: de 14MMSensibilidad: -40Db 3DbRelaci\u00f3n se\u00f1alruido: 80dB RespuestaFrecuencia: 30HZ- 20khzFrecuencia de muestreo: 48khz-192khzModo de conexi\u00f3n: USBTipo-CPC: Windows 781011Tel\u00e9fono m\u00f3vil: above Android 6.0 o above IOS 9.0 o Harmony Os 1.0MAC: mac iOS above 10.10USB: 1.12.03.0<\/p>\n","protected":false},"excerpt":{"rendered":"<p>MICROFONO RAPTOR VOX RGB USB PSTREAMING<\/p>\n","protected":false},"featured_media":464755,"template":"","meta":{"_joinchat":[]},"product_brand":[],"product_cat":[152,147],"product_tag":[],"class_list":{"0":"post-450666","1":"product","2":"type-product","3":"status-publish","4":"has-post-thumbnail","6":"product_cat-microfonos","7":"product_cat-perifericos","9":"first","10":"instock","11":"shipping-taxable","12":"purchasable","13":"product-type-simple"},"_links":{"self":[{"href":"https:\/\/tiendaomega.com.ar\/wp\/wp-json\/wp\/v2\/product\/450666","targetHints":{"allow":["GET"]}}],"collection":[{"href":"https:\/\/tiendaomega.com.ar\/wp\/wp-json\/wp\/v2\/product"}],"about":[{"href":"https:\/\/tiendaomega.com.ar\/wp\/wp-json\/wp\/v2\/types\/product"}],"wp:featuredmedia":[{"embeddable":true,"href":"https:\/\/tiendaomega.com.ar\/wp\/wp-json\/wp\/v2\/media\/464755"}],"wp:attachment":[{"href":"https:\/\/tiendaomega.com.ar\/wp\/wp-json\/wp\/v2\/media?parent=450666"}],"wp:term":[{"taxonomy":"product_brand","embeddable":true,"href":"https:\/\/tiendaomega.com.ar\/wp\/wp-json\/wp\/v2\/product_brand?post=450666"},{"taxonomy":"product_cat","embeddable":true,"href":"https:\/\/tiendaomega.com.ar\/wp\/wp-json\/wp\/v2\/product_cat?post=450666"},{"taxonomy":"product_tag","embeddable":true,"href":"https:\/\/tiendaomega.com.ar\/wp\/wp-json\/wp\/v2\/product_tag?post=450666"}],"curies":[{"name":"wp","href":"https:\/\/api.w.org\/{rel}","templated":true}]}}