{"id":450787,"date":"2025-07-28T15:54:10","date_gmt":"2025-07-28T18:54:10","guid":{"rendered":"https:\/\/tiendaomega.com.ar\/wp\/producto\/camara-ip-tp-link-tapo-c530ws-exterior-dianoc-c-wifi-cable-micro-sd-no-inc-3k-5mp\/"},"modified":"2025-10-07T09:24:15","modified_gmt":"2025-10-07T12:24:15","slug":"camara-ip-tp-link-tapo-c530ws-exterior-dianoc-c-wifi-cable-micro-sd-no-inc-3k-5mp","status":"publish","type":"product","link":"https:\/\/tiendaomega.com.ar\/wp\/producto\/camara-ip-tp-link-tapo-c530ws-exterior-dianoc-c-wifi-cable-micro-sd-no-inc-3k-5mp\/","title":{"rendered":"CAMARA IP TP-LINK TAPO C530WS EXTERIOR DIANOC  c WIFI + CABLE  (MICRO SD NO INC. ) 3K 5MP"},"content":{"rendered":"<p>Vista en vivo 3K 5MP: al adoptar una resoluci\u00f3n de 2880 \u00d7 1620 Tapo C530WS ofrece una calidad de video mejorada para ver m\u00e1s detalles.Visi\u00f3n nocturna a color Starlight: mejora su seguridad al revelar im\u00e1genes m\u00e1s brillantes y a todo color y detalles v\u00edvidos incluso en condiciones de poca luz con focos incorporados y el sensor Starlight.Protecci\u00f3n integral de 360\u00b0: disfruta de vistas horizontales de 360\u00b0 y verticales de 130\u00b0 con seguimiento de movimiento para eliminar los puntos ciegos. Activa el modo patrulla para navegar entre m\u00faltiples puntos personalizados.Detecci\u00f3n integral de IA : la IA inteligente identifica con precisi\u00f3n a personas mascotas y veh\u00edculos al mismo tiempo que ofrece detecci\u00f3n de manipulaciones y cruces de l\u00edneas lo que minimiza las alertas falsas y las notificaciones innecesarias.Conexiones flexibles y redes fiables : conecta tu c\u00e1mara por Wi-Fi o Ethernet para una instalaci\u00f3n flexible. Las potentes antenas duales garantizan una conectividad de hasta 150 metros en espacios abiertos.*Resistencia a la intemperie IP66: Ofrece un excelente rendimiento a prueba de agua y polvo para exteriores. Funciona bien con lluvia polvo y calor.Alarma de luz y sonido personalizables : la luz ajustable ultrabrillante disuade a los visitantes no deseados mientras que las alarmas de audio personalizadas ofrecen un uso adicional.Almacenamiento local y en la nube seguro : guarde momentos cruciales en una tarjeta microSD \u2020  (hasta 512 GB) o suscr\u00edbase a Tapo Care para almacenamiento en la nube \u2021 despu\u00e9s de una prueba gratuita de 30 d\u00edas lo que garantiza que nunca perder\u00e1 im\u00e1genes importantes.Audio bidireccional : permite la comunicaci\u00f3n a trav\u00e9s de un micr\u00f3fono y un altavoz integrados.<\/p>\n","protected":false},"excerpt":{"rendered":"<p>CAMARA IP TP-LINK TAPO C530WS EXTERIOR DIANOC  c WIFI + CABLE  (MICRO SD NO INC. ) 3K 5MP<\/p>\n","protected":false},"featured_media":453539,"template":"","meta":{"_joinchat":[]},"product_brand":[],"product_cat":[223,221],"product_tag":[],"class_list":{"0":"post-450787","1":"product","2":"type-product","3":"status-publish","4":"has-post-thumbnail","6":"product_cat-camaras-ip","7":"product_cat-seguridad","9":"first","10":"outofstock","11":"shipping-taxable","12":"purchasable","13":"product-type-simple"},"_links":{"self":[{"href":"https:\/\/tiendaomega.com.ar\/wp\/wp-json\/wp\/v2\/product\/450787","targetHints":{"allow":["GET"]}}],"collection":[{"href":"https:\/\/tiendaomega.com.ar\/wp\/wp-json\/wp\/v2\/product"}],"about":[{"href":"https:\/\/tiendaomega.com.ar\/wp\/wp-json\/wp\/v2\/types\/product"}],"wp:featuredmedia":[{"embeddable":true,"href":"https:\/\/tiendaomega.com.ar\/wp\/wp-json\/wp\/v2\/media\/453539"}],"wp:attachment":[{"href":"https:\/\/tiendaomega.com.ar\/wp\/wp-json\/wp\/v2\/media?parent=450787"}],"wp:term":[{"taxonomy":"product_brand","embeddable":true,"href":"https:\/\/tiendaomega.com.ar\/wp\/wp-json\/wp\/v2\/product_brand?post=450787"},{"taxonomy":"product_cat","embeddable":true,"href":"https:\/\/tiendaomega.com.ar\/wp\/wp-json\/wp\/v2\/product_cat?post=450787"},{"taxonomy":"product_tag","embeddable":true,"href":"https:\/\/tiendaomega.com.ar\/wp\/wp-json\/wp\/v2\/product_tag?post=450787"}],"curies":[{"name":"wp","href":"https:\/\/api.w.org\/{rel}","templated":true}]}}