{"id":4516,"date":"2020-11-17T07:31:41","date_gmt":"2020-11-17T10:31:41","guid":{"rendered":"https:\/\/tiendaomega.com.ar\/producto\/switch-tp-link-5-bocas-sf1005d\/"},"modified":"2026-01-19T09:08:10","modified_gmt":"2026-01-19T12:08:10","slug":"switch-tp-link-5-bocas-sf1005d","status":"publish","type":"product","link":"https:\/\/tiendaomega.com.ar\/wp\/producto\/switch-tp-link-5-bocas-sf1005d\/","title":{"rendered":"SWITCH TP-LINK 5 BOCAS SF1005D"},"content":{"rendered":"<p>-5 puertos RJ4510100Mbps Auto-Negociaci\u00f3n los, compatible con Auto MDI  MDIX-Tecnolog\u00eda Green Ethernet ahorra la energ\u00eda hasta un 70%-IEEE 802.3x control de flujo proporciona una transferencia de datos fiables-Caja de pl\u00e1stico, dise\u00f1o de montaje de escritorio o en pared-Plug and play, sin necesidad de configuraci\u00f3n<\/p>\n","protected":false},"excerpt":{"rendered":"<p>SWITCH TP-LINK 5 BOCAS SF1005D <\/p>\n","protected":false},"featured_media":463426,"template":"","meta":{"_joinchat":[]},"product_brand":[],"product_cat":[255,257],"product_tag":[],"class_list":{"0":"post-4516","1":"product","2":"type-product","3":"status-publish","4":"has-post-thumbnail","6":"product_cat-conectividad","7":"product_cat-switch-conectividad","9":"first","10":"outofstock","11":"shipping-taxable","12":"purchasable","13":"product-type-simple"},"_links":{"self":[{"href":"https:\/\/tiendaomega.com.ar\/wp\/wp-json\/wp\/v2\/product\/4516","targetHints":{"allow":["GET"]}}],"collection":[{"href":"https:\/\/tiendaomega.com.ar\/wp\/wp-json\/wp\/v2\/product"}],"about":[{"href":"https:\/\/tiendaomega.com.ar\/wp\/wp-json\/wp\/v2\/types\/product"}],"wp:featuredmedia":[{"embeddable":true,"href":"https:\/\/tiendaomega.com.ar\/wp\/wp-json\/wp\/v2\/media\/463426"}],"wp:attachment":[{"href":"https:\/\/tiendaomega.com.ar\/wp\/wp-json\/wp\/v2\/media?parent=4516"}],"wp:term":[{"taxonomy":"product_brand","embeddable":true,"href":"https:\/\/tiendaomega.com.ar\/wp\/wp-json\/wp\/v2\/product_brand?post=4516"},{"taxonomy":"product_cat","embeddable":true,"href":"https:\/\/tiendaomega.com.ar\/wp\/wp-json\/wp\/v2\/product_cat?post=4516"},{"taxonomy":"product_tag","embeddable":true,"href":"https:\/\/tiendaomega.com.ar\/wp\/wp-json\/wp\/v2\/product_tag?post=4516"}],"curies":[{"name":"wp","href":"https:\/\/api.w.org\/{rel}","templated":true}]}}