{"id":4522,"date":"2020-11-17T07:31:43","date_gmt":"2020-11-17T10:31:43","guid":{"rendered":"https:\/\/tiendaomega.com.ar\/producto\/switch-tp-link-8-bocas-tl-sg108-gigabit-acero\/"},"modified":"2025-11-18T08:45:59","modified_gmt":"2025-11-18T11:45:59","slug":"switch-tp-link-8-bocas-tl-sg108-gigabit-acero","status":"publish","type":"product","link":"https:\/\/tiendaomega.com.ar\/wp\/producto\/switch-tp-link-8-bocas-tl-sg108-gigabit-acero\/","title":{"rendered":"SWITCH TP-LINK 8 BOCAS TL-SG108 GIGABIT ACERO"},"content":{"rendered":"<p>-8 puertos RJ45 101001000Mbps con detecci\u00f3n autom\u00e1tica de velocidad, soporte para MDIMDIX autom\u00e1tico-Tecnolog\u00eda Ethernet Verde ahorra hasta un 82% de la energ\u00eda-El control de flujo IEEE 802.3x proporciona una transferencia de datos fiable-Carcasa de metal, dise\u00f1ado para ser usado como equipo de sobremesa o montarlo en la pared-Soporte 802.1pDSCP QoS e IGMP Snooping-Plug and Play, sin ninguna configuraci\u00f3n adicional<\/p>\n","protected":false},"excerpt":{"rendered":"<p>SWITCH TP-LINK 8 BOCAS TL-SG108 GIGABIT ACERO<\/p>\n","protected":false},"featured_media":455585,"template":"","meta":{"_joinchat":[]},"product_brand":[],"product_cat":[255,257],"product_tag":[],"class_list":{"0":"post-4522","1":"product","2":"type-product","3":"status-publish","4":"has-post-thumbnail","6":"product_cat-conectividad","7":"product_cat-switch-conectividad","9":"first","10":"outofstock","11":"shipping-taxable","12":"purchasable","13":"product-type-simple"},"_links":{"self":[{"href":"https:\/\/tiendaomega.com.ar\/wp\/wp-json\/wp\/v2\/product\/4522","targetHints":{"allow":["GET"]}}],"collection":[{"href":"https:\/\/tiendaomega.com.ar\/wp\/wp-json\/wp\/v2\/product"}],"about":[{"href":"https:\/\/tiendaomega.com.ar\/wp\/wp-json\/wp\/v2\/types\/product"}],"wp:featuredmedia":[{"embeddable":true,"href":"https:\/\/tiendaomega.com.ar\/wp\/wp-json\/wp\/v2\/media\/455585"}],"wp:attachment":[{"href":"https:\/\/tiendaomega.com.ar\/wp\/wp-json\/wp\/v2\/media?parent=4522"}],"wp:term":[{"taxonomy":"product_brand","embeddable":true,"href":"https:\/\/tiendaomega.com.ar\/wp\/wp-json\/wp\/v2\/product_brand?post=4522"},{"taxonomy":"product_cat","embeddable":true,"href":"https:\/\/tiendaomega.com.ar\/wp\/wp-json\/wp\/v2\/product_cat?post=4522"},{"taxonomy":"product_tag","embeddable":true,"href":"https:\/\/tiendaomega.com.ar\/wp\/wp-json\/wp\/v2\/product_tag?post=4522"}],"curies":[{"name":"wp","href":"https:\/\/api.w.org\/{rel}","templated":true}]}}