{"id":4538,"date":"2020-11-17T07:31:47","date_gmt":"2020-11-17T10:31:47","guid":{"rendered":"https:\/\/tiendaomega.com.ar\/producto\/placa-de-red-usb-wifi-mini-tp-link-wn823n-300-mbps\/"},"modified":"2026-04-06T09:04:12","modified_gmt":"2026-04-06T12:04:12","slug":"placa-de-red-usb-wifi-mini-tp-link-wn823n-300-mbps","status":"publish","type":"product","link":"https:\/\/tiendaomega.com.ar\/wp\/producto\/placa-de-red-usb-wifi-mini-tp-link-wn823n-300-mbps\/","title":{"rendered":"PLACA DE RED USB WIFI mini TP-LINK WN823N 300 Mbps"},"content":{"rendered":"<p>&#8211; Marca: TP-Link- Modelo: Tl-wn823n- Velocidad de transferencia datos inal\u00e1mbrica de 300Mbps ideal para video en alta definici\u00f3n sin problemas, streaming de voz y juegos en l\u00ednea- Dise\u00f1o de tama\u00f1o miniatura para una portabilidad conveniente con un alto desempe\u00f1o confiable- Modo SoftAP- Convierta una conexi\u00f3n de internet cableada en una PC o Laptop en un hotspot Wi-Fi- Configure f\u00e1cilmente una conexi\u00f3n inal\u00e1mbrica segura con s\u00f3lo presionar un bot\u00f3n WPS<\/p>\n","protected":false},"excerpt":{"rendered":"<p>PLACA DE RED USB WIFI mini TP-LINK WN823N 300 Mbps<\/p>\n","protected":false},"featured_media":466925,"template":"","meta":{"_joinchat":[]},"product_brand":[],"product_cat":[255,256],"product_tag":[],"class_list":{"0":"post-4538","1":"product","2":"type-product","3":"status-publish","4":"has-post-thumbnail","6":"product_cat-conectividad","7":"product_cat-placas-wifi","9":"first","10":"instock","11":"shipping-taxable","12":"purchasable","13":"product-type-simple"},"_links":{"self":[{"href":"https:\/\/tiendaomega.com.ar\/wp\/wp-json\/wp\/v2\/product\/4538","targetHints":{"allow":["GET"]}}],"collection":[{"href":"https:\/\/tiendaomega.com.ar\/wp\/wp-json\/wp\/v2\/product"}],"about":[{"href":"https:\/\/tiendaomega.com.ar\/wp\/wp-json\/wp\/v2\/types\/product"}],"wp:featuredmedia":[{"embeddable":true,"href":"https:\/\/tiendaomega.com.ar\/wp\/wp-json\/wp\/v2\/media\/466925"}],"wp:attachment":[{"href":"https:\/\/tiendaomega.com.ar\/wp\/wp-json\/wp\/v2\/media?parent=4538"}],"wp:term":[{"taxonomy":"product_brand","embeddable":true,"href":"https:\/\/tiendaomega.com.ar\/wp\/wp-json\/wp\/v2\/product_brand?post=4538"},{"taxonomy":"product_cat","embeddable":true,"href":"https:\/\/tiendaomega.com.ar\/wp\/wp-json\/wp\/v2\/product_cat?post=4538"},{"taxonomy":"product_tag","embeddable":true,"href":"https:\/\/tiendaomega.com.ar\/wp\/wp-json\/wp\/v2\/product_tag?post=4538"}],"curies":[{"name":"wp","href":"https:\/\/api.w.org\/{rel}","templated":true}]}}