{"id":454684,"date":"2025-09-19T17:17:58","date_gmt":"2025-09-19T20:17:58","guid":{"rendered":"https:\/\/tiendaomega.com.ar\/wp\/producto\/soporte-para-celular-skyway-sa34-para-rejilla-gm-5715\/"},"modified":"2026-02-25T09:12:30","modified_gmt":"2026-02-25T12:12:30","slug":"soporte-para-celular-skyway-sa34-para-rejilla-gm-5715","status":"publish","type":"product","link":"https:\/\/tiendaomega.com.ar\/wp\/producto\/soporte-para-celular-skyway-sa34-para-rejilla-gm-5715\/","title":{"rendered":"SOPORTE PARA CELULAR SKYWAY SA34 &#8211; PARA REJILLA   GM-5715"},"content":{"rendered":"<p>Soporte Celular Para Auto Ventilacion &#8211; SA34Soporte para celular de color negro con verde con dise\u00f1o robusto y firme.Es de alta resistencia lo que garantiza su durabilidad y eficacia a largo plazo. Incluye el soporte para la rejilla del aire acondicionado.Este soporte es compatible con una amplia variedad de modelos de celulares lo que lo convierte en una opci\u00f3n vers\u00e1til y pr\u00e1ctica para mantener tu dispositivo seguro y a la vista mientras conduces.- Rotaci\u00f3n Universal 360- Clip para el aire acondicionado con agarre seguro- Proteccion antideslizante de ambos lados- Medidas abierto: 95 cms x 10 cms- Color negro con verde- Facil de instalar y usar<\/p>\n","protected":false},"excerpt":{"rendered":"<p>SOPORTE PARA CELULAR SKYWAY SA34 &#8211; PARA REJILLA   GM-5715<\/p>\n","protected":false},"featured_media":465418,"template":"","meta":{"_joinchat":[]},"product_brand":[],"product_cat":[169,236],"product_tag":[],"class_list":{"0":"post-454684","1":"product","2":"type-product","3":"status-publish","4":"has-post-thumbnail","6":"product_cat-accesorios-168","7":"product_cat-soportes","9":"first","10":"instock","11":"shipping-taxable","12":"purchasable","13":"product-type-simple"},"_links":{"self":[{"href":"https:\/\/tiendaomega.com.ar\/wp\/wp-json\/wp\/v2\/product\/454684","targetHints":{"allow":["GET"]}}],"collection":[{"href":"https:\/\/tiendaomega.com.ar\/wp\/wp-json\/wp\/v2\/product"}],"about":[{"href":"https:\/\/tiendaomega.com.ar\/wp\/wp-json\/wp\/v2\/types\/product"}],"wp:featuredmedia":[{"embeddable":true,"href":"https:\/\/tiendaomega.com.ar\/wp\/wp-json\/wp\/v2\/media\/465418"}],"wp:attachment":[{"href":"https:\/\/tiendaomega.com.ar\/wp\/wp-json\/wp\/v2\/media?parent=454684"}],"wp:term":[{"taxonomy":"product_brand","embeddable":true,"href":"https:\/\/tiendaomega.com.ar\/wp\/wp-json\/wp\/v2\/product_brand?post=454684"},{"taxonomy":"product_cat","embeddable":true,"href":"https:\/\/tiendaomega.com.ar\/wp\/wp-json\/wp\/v2\/product_cat?post=454684"},{"taxonomy":"product_tag","embeddable":true,"href":"https:\/\/tiendaomega.com.ar\/wp\/wp-json\/wp\/v2\/product_tag?post=454684"}],"curies":[{"name":"wp","href":"https:\/\/api.w.org\/{rel}","templated":true}]}}