{"id":455015,"date":"2025-09-23T21:14:48","date_gmt":"2025-09-24T00:14:48","guid":{"rendered":"https:\/\/tiendaomega.com.ar\/wp\/producto\/placa-de-red-usb-tp-link-archer-tx10ub-nano-p-redw-usb-ax900-wifi-6-bluetooth-5-3\/"},"modified":"2026-02-09T09:38:49","modified_gmt":"2026-02-09T12:38:49","slug":"placa-de-red-usb-tp-link-archer-tx10ub-nano-p-redw-usb-ax900-wifi-6-bluetooth-5-3","status":"publish","type":"product","link":"https:\/\/tiendaomega.com.ar\/wp\/producto\/placa-de-red-usb-tp-link-archer-tx10ub-nano-p-redw-usb-ax900-wifi-6-bluetooth-5-3\/","title":{"rendered":"PLACA DE RED USB TP-LINK Archer TX10UB Nano P.RedW USB AX900 Wifi 6 + Bluetooth 5.3"},"content":{"rendered":"<p>CARACTER\u00cdSTICAS DE HARDWAREInterfazUSB 2.0Dimensiones (An x Pr x Al)19.2 \u00d7 15.7 \u00d7 7.4 mmAntenaOmnidireccionalCARACTER\u00cdSTICAS INAL\u00c1MBRICASEst\u00e1ndares Inal\u00e1mbricosIEEE 802.11bgnax 2.4 GHz IEEE 802.11anacax 5 GHzFrecuencia5 GHz 2.4 GHzTasa de Se\u00f1al5 GHz11ax: Hasta 600 Mbps (din\u00e1mico) 11ac: Hasta 433 Mbps (din\u00e1mico) 11n: Hasta 150 Mbps (din\u00e1mico) 11a: Hasta 54 Mbps (din\u00e1mico)2.4 GHz11ax: Hasta 287 Mbps (din\u00e1mico) 11n: Hasta 200 Mbps (din\u00e1mico) 11g: Hasta 54 Mbps (din\u00e1mico) 11b: Hasta 11 Mbps (din\u00e1mico)Sensibilidad de Recepci\u00f3n5 GHz11a 6M: -94 dBm 11ax HE80 MCS11: -59 dBm 11ax HE80 MCS0: -87 dBm2.4 GHz11g 6M: -95 dBm 11ax HE40 MCS11: -65 dBm 11ax HE40 MCS0: -93 dBmModos Inal\u00e1mbricosModo InfraestructuraSeguridad Inal\u00e1mbricaWEP WPAWPA2WPA3 WPA-PSKWPA2-PSKTecnolog\u00eda de Modulaci\u00f3nDBPSK DQPSK CCK OFDM 16-QAM 64-QAM 256-QAM 1024-QAMOTROSCertificaci\u00f3nCE FCC RoHSContenido del PaqueteAdaptador USB AX900 Nano Wi-Fi 6 Bluetooth 5.3 Archer TX10UB Nano Gu\u00eda de instalaci\u00f3n r\u00e1pidaRequisitos del SistemaWindows 1110AmbienteTemperatura de operaci\u00f3n: 0\u2103 ~ 40\u2103 (32\u2109 ~ 104\u2109) Humedad de operaci\u00f3n: 10% ~ 90% sin condensaci\u00f3n<\/p>\n","protected":false},"excerpt":{"rendered":"<p>PLACA DE RED USB TP-LINK Archer TX10UB Nano P.RedW USB AX900 Wifi 6 + Bluetooth 5.3<\/p>\n","protected":false},"featured_media":456290,"template":"","meta":{"_joinchat":[]},"product_brand":[],"product_cat":[255,256],"product_tag":[],"class_list":{"0":"post-455015","1":"product","2":"type-product","3":"status-publish","4":"has-post-thumbnail","6":"product_cat-conectividad","7":"product_cat-placas-wifi","9":"first","10":"instock","11":"shipping-taxable","12":"purchasable","13":"product-type-simple"},"_links":{"self":[{"href":"https:\/\/tiendaomega.com.ar\/wp\/wp-json\/wp\/v2\/product\/455015","targetHints":{"allow":["GET"]}}],"collection":[{"href":"https:\/\/tiendaomega.com.ar\/wp\/wp-json\/wp\/v2\/product"}],"about":[{"href":"https:\/\/tiendaomega.com.ar\/wp\/wp-json\/wp\/v2\/types\/product"}],"wp:featuredmedia":[{"embeddable":true,"href":"https:\/\/tiendaomega.com.ar\/wp\/wp-json\/wp\/v2\/media\/456290"}],"wp:attachment":[{"href":"https:\/\/tiendaomega.com.ar\/wp\/wp-json\/wp\/v2\/media?parent=455015"}],"wp:term":[{"taxonomy":"product_brand","embeddable":true,"href":"https:\/\/tiendaomega.com.ar\/wp\/wp-json\/wp\/v2\/product_brand?post=455015"},{"taxonomy":"product_cat","embeddable":true,"href":"https:\/\/tiendaomega.com.ar\/wp\/wp-json\/wp\/v2\/product_cat?post=455015"},{"taxonomy":"product_tag","embeddable":true,"href":"https:\/\/tiendaomega.com.ar\/wp\/wp-json\/wp\/v2\/product_tag?post=455015"}],"curies":[{"name":"wp","href":"https:\/\/api.w.org\/{rel}","templated":true}]}}