{"id":455165,"date":"2025-09-24T21:11:25","date_gmt":"2025-09-25T00:11:25","guid":{"rendered":"https:\/\/tiendaomega.com.ar\/wp\/producto\/mouse-gtc-msg-001-rising-frost-6400-dpi\/"},"modified":"2025-12-09T08:55:13","modified_gmt":"2025-12-09T11:55:13","slug":"mouse-gtc-msg-001-rising-frost-6400-dpi","status":"publish","type":"product","link":"https:\/\/tiendaomega.com.ar\/wp\/producto\/mouse-gtc-msg-001-rising-frost-6400-dpi\/","title":{"rendered":"MOUSE GTC MSG-001 RISING FROST 6400 DPI"},"content":{"rendered":"<p>Descripci\u00f3nMouse Gamer RISINGF FROSTT GRAVITY MGG-001Disfrut\u00e1 de una experiencia de uso fluida precisa y c\u00f3moda con el mouse gamer RISINGF FROSTT GRAVITY MGG-001. Dise\u00f1ado para brindar un excelente rendimiento tanto en sesiones de juego como en tareas de productividad.Caracter\u00edsticas t\u00e9cnicas:Entrada: USB 2.0Material: Pl\u00e1stico ABS resistenteVoltaje: DC 5V \u00b15%Corriente: Menor a 100 mATama\u00f1o: 118 x 68 x 38 mmPeso: 120 gramosLargo del cable: 150 cmResoluci\u00f3n DPI ajustable: 1600  2000  3200  4800  6400Vida \u00fatil: Hasta 1.000.000 de clicsIluminaci\u00f3n: Luz LED RGBCompatibilidad: WindowsCantidad de botones: 6Ventajas destacadas:Dise\u00f1o ergon\u00f3mico y c\u00f3modo para uso prolongadoSensor de alta precisi\u00f3n con m\u00faltiples niveles de DPIIluminaci\u00f3n LED RGB para un estilo gamer aut\u00e9nticoConstrucci\u00f3n duradera y materiales de calidadIdeal para juegos dise\u00f1o oficina y uso diario<\/p>\n","protected":false},"excerpt":{"rendered":"<p>MOUSE GTC MSG-001 RISING FROST 6400 DPI<\/p>\n","protected":false},"featured_media":460236,"template":"","meta":{"_joinchat":[]},"product_brand":[],"product_cat":[148,147],"product_tag":[],"class_list":{"0":"post-455165","1":"product","2":"type-product","3":"status-publish","4":"has-post-thumbnail","6":"product_cat-mouse","7":"product_cat-perifericos","9":"first","10":"outofstock","11":"shipping-taxable","12":"purchasable","13":"product-type-simple"},"_links":{"self":[{"href":"https:\/\/tiendaomega.com.ar\/wp\/wp-json\/wp\/v2\/product\/455165","targetHints":{"allow":["GET"]}}],"collection":[{"href":"https:\/\/tiendaomega.com.ar\/wp\/wp-json\/wp\/v2\/product"}],"about":[{"href":"https:\/\/tiendaomega.com.ar\/wp\/wp-json\/wp\/v2\/types\/product"}],"wp:featuredmedia":[{"embeddable":true,"href":"https:\/\/tiendaomega.com.ar\/wp\/wp-json\/wp\/v2\/media\/460236"}],"wp:attachment":[{"href":"https:\/\/tiendaomega.com.ar\/wp\/wp-json\/wp\/v2\/media?parent=455165"}],"wp:term":[{"taxonomy":"product_brand","embeddable":true,"href":"https:\/\/tiendaomega.com.ar\/wp\/wp-json\/wp\/v2\/product_brand?post=455165"},{"taxonomy":"product_cat","embeddable":true,"href":"https:\/\/tiendaomega.com.ar\/wp\/wp-json\/wp\/v2\/product_cat?post=455165"},{"taxonomy":"product_tag","embeddable":true,"href":"https:\/\/tiendaomega.com.ar\/wp\/wp-json\/wp\/v2\/product_tag?post=455165"}],"curies":[{"name":"wp","href":"https:\/\/api.w.org\/{rel}","templated":true}]}}