{"id":459577,"date":"2025-11-14T20:21:30","date_gmt":"2025-11-14T23:21:30","guid":{"rendered":"https:\/\/tiendaomega.com.ar\/wp\/producto\/auricular-mipods-a6s-in-ear-bluetooth-negro-tws\/"},"modified":"2026-02-21T09:13:49","modified_gmt":"2026-02-21T12:13:49","slug":"auricular-mipods-a6s-in-ear-bluetooth-negro-tws","status":"publish","type":"product","link":"https:\/\/tiendaomega.com.ar\/wp\/producto\/auricular-mipods-a6s-in-ear-bluetooth-negro-tws\/","title":{"rendered":"AURICULAR Mipods A6s In-ear Bluetooth Negro Tws"},"content":{"rendered":"<p>Descripci\u00f3nAuriculares in-ear Inal\u00e1mbricos Bluetooth A6s NegroEn la calle en el autob\u00fas o en la oficina \u00a1ten siempre a mano tus auriculares A6S y al\u00e9jate un rato de la rutina! Puedes disfrutar de la m\u00fasica que m\u00e1s te gusta y de tus podcasts favoritos cuando y donde quieras.El formato perfecto para tiAl ser intraurales mejoran la calidad del audio y son de tama\u00f1o peque\u00f1o para poder insertarlos en el o\u00eddo. Son ideales para acompa\u00f1arte cuando haces ejercicio mientras te sumerges en el mejor sonido envolvente.100% inal\u00e1mbricoA diferencia de otros tipos de conectividad este dispositivo est\u00e1 fabricado con la tecnolog\u00eda TWS (True Wireless Stereo) que permite una conexi\u00f3n inal\u00e1mbrica completa y funciona sin un solo cable entre pares. Con \u00e9l puedes disfrutar del entorno sonoro sin tener que estar pendiente de las conexiones f\u00edsicas.<\/p>\n","protected":false},"excerpt":{"rendered":"<p>AURICULAR Mipods A6s In-ear Bluetooth Negro Tws<\/p>\n","protected":false},"featured_media":464967,"template":"","meta":{"_joinchat":[]},"product_brand":[],"product_cat":[164,166],"product_tag":[],"class_list":{"0":"post-459577","1":"product","2":"type-product","3":"status-publish","4":"has-post-thumbnail","6":"product_cat-auriculares","7":"product_cat-bluetooth","9":"first","10":"outofstock","11":"shipping-taxable","12":"purchasable","13":"product-type-simple"},"_links":{"self":[{"href":"https:\/\/tiendaomega.com.ar\/wp\/wp-json\/wp\/v2\/product\/459577","targetHints":{"allow":["GET"]}}],"collection":[{"href":"https:\/\/tiendaomega.com.ar\/wp\/wp-json\/wp\/v2\/product"}],"about":[{"href":"https:\/\/tiendaomega.com.ar\/wp\/wp-json\/wp\/v2\/types\/product"}],"wp:featuredmedia":[{"embeddable":true,"href":"https:\/\/tiendaomega.com.ar\/wp\/wp-json\/wp\/v2\/media\/464967"}],"wp:attachment":[{"href":"https:\/\/tiendaomega.com.ar\/wp\/wp-json\/wp\/v2\/media?parent=459577"}],"wp:term":[{"taxonomy":"product_brand","embeddable":true,"href":"https:\/\/tiendaomega.com.ar\/wp\/wp-json\/wp\/v2\/product_brand?post=459577"},{"taxonomy":"product_cat","embeddable":true,"href":"https:\/\/tiendaomega.com.ar\/wp\/wp-json\/wp\/v2\/product_cat?post=459577"},{"taxonomy":"product_tag","embeddable":true,"href":"https:\/\/tiendaomega.com.ar\/wp\/wp-json\/wp\/v2\/product_tag?post=459577"}],"curies":[{"name":"wp","href":"https:\/\/api.w.org\/{rel}","templated":true}]}}