{"id":459883,"date":"2025-11-20T16:13:52","date_gmt":"2025-11-20T19:13:52","guid":{"rendered":"https:\/\/tiendaomega.com.ar\/wp\/producto\/receptor-bluetooth-usb-ma530-mercusys-5-4-usb-nano\/"},"modified":"2026-04-15T20:30:38","modified_gmt":"2026-04-15T23:30:38","slug":"receptor-bluetooth-usb-ma530-mercusys-5-4-usb-nano","status":"publish","type":"product","link":"https:\/\/tiendaomega.com.ar\/wp\/producto\/receptor-bluetooth-usb-ma530-mercusys-5-4-usb-nano\/","title":{"rendered":"RECEPTOR BLUETOOTH USB MA530 Mercusys 5.4 USB Nano"},"content":{"rendered":"<p>Hardware Dimensiones (An x Pr x Al)19.15\u00d714.94\u00d77.19 mmInterfacesUSB 2.0Est\u00e1ndares y protocolosBluetooth 5.3Others Contenido de paqueteAdaptador USB Nano Bluetooth 5.3 (MA530) Gu\u00eda de instalaci\u00f3n r\u00e1pidaAmbienteTemperatura de funcionamiento: 0\u2103~40\u2103 (32\u2109 ~104\u2109) Humedad de funcionamiento: 10%~90% sin condensaci\u00f3n. Humedad de almacenamiento: 5%~90% sin condensaci\u00f3n.Requerimientos de sistemaLos sistemas operativos compatibles son Win 11108.17<\/p>\n","protected":false},"excerpt":{"rendered":"<p>RECEPTOR BLUETOOTH USB MA530 Mercusys 5.4 USB Nano<\/p>\n","protected":false},"featured_media":467483,"template":"","meta":{"_joinchat":[]},"product_brand":[],"product_cat":[169,235],"product_tag":[],"class_list":{"0":"post-459883","1":"product","2":"type-product","3":"status-publish","4":"has-post-thumbnail","6":"product_cat-accesorios-168","7":"product_cat-adaptadores","9":"first","10":"instock","11":"shipping-taxable","12":"purchasable","13":"product-type-simple"},"_links":{"self":[{"href":"https:\/\/tiendaomega.com.ar\/wp\/wp-json\/wp\/v2\/product\/459883","targetHints":{"allow":["GET"]}}],"collection":[{"href":"https:\/\/tiendaomega.com.ar\/wp\/wp-json\/wp\/v2\/product"}],"about":[{"href":"https:\/\/tiendaomega.com.ar\/wp\/wp-json\/wp\/v2\/types\/product"}],"wp:featuredmedia":[{"embeddable":true,"href":"https:\/\/tiendaomega.com.ar\/wp\/wp-json\/wp\/v2\/media\/467483"}],"wp:attachment":[{"href":"https:\/\/tiendaomega.com.ar\/wp\/wp-json\/wp\/v2\/media?parent=459883"}],"wp:term":[{"taxonomy":"product_brand","embeddable":true,"href":"https:\/\/tiendaomega.com.ar\/wp\/wp-json\/wp\/v2\/product_brand?post=459883"},{"taxonomy":"product_cat","embeddable":true,"href":"https:\/\/tiendaomega.com.ar\/wp\/wp-json\/wp\/v2\/product_cat?post=459883"},{"taxonomy":"product_tag","embeddable":true,"href":"https:\/\/tiendaomega.com.ar\/wp\/wp-json\/wp\/v2\/product_tag?post=459883"}],"curies":[{"name":"wp","href":"https:\/\/api.w.org\/{rel}","templated":true}]}}