{"id":463917,"date":"2026-01-09T12:49:41","date_gmt":"2026-01-09T15:49:41","guid":{"rendered":"https:\/\/tiendaomega.com.ar\/wp\/producto\/cargador-soul-carga-rapida-pd-qc-20w-sin-cable-cvq-pd20w\/"},"modified":"2026-03-31T09:01:11","modified_gmt":"2026-03-31T12:01:11","slug":"cargador-soul-carga-rapida-pd-qc-20w-sin-cable-cvq-pd20w","status":"publish","type":"product","link":"https:\/\/tiendaomega.com.ar\/wp\/producto\/cargador-soul-carga-rapida-pd-qc-20w-sin-cable-cvq-pd20w\/","title":{"rendered":"CARGADOR SOUL CARGA RAPIDA PD QC 20W SIN CABLE CVQ-PD20W"},"content":{"rendered":"<p>Descripci\u00f3nDESCRIPCION DEL PRODUCTOCargador R\u00e1pido Soul Certificado 3.0 Amp 20W Tipo CCon este cargador podr\u00e1s usar el cable Tipo C que viene de f\u00e1brica con los celulares Samsung de \u00faltima generaci\u00f3n.Compatible con todos los modelos Samsung de \u00faltima generaci\u00f3n con ficha de carga Tipo C.Este cargador cuenta con un puerto Tipo C y con 3.0 Amp 20W de potencia podr\u00e1s cargar tus dispositivos de forma r\u00e1pida y segura.Protecci\u00f3n contra corto circuito recalentamiento y sobre temperatura.Modelos compatibles:A3 (2017) A5 (2017) A6s A7 (2017) A8 (2018) A9 (2018) A02s (2020) A03s (2021) A04 A05 A06 A10e A11 A12 A13 A14 A15 A16 A20 A21 A22 A23 A24 5G A30 A31 A32 A33 A34 5G A35 A40 A41 A50 A51 A52 A52s A53 A54 5G A55 5G A60 A70 A71 A72 A73 A80 A90S8 S8+ S9 S9+ S10 S10+ S20 S20+ S20 FE S20 Ultra 5G S21 S21+ S21 FE S21 Ultra 5G S22 S22+ S22 Ultra 5G S23 S23+ S23 Ultra S23 FE S24 S24+ S24 Ultra S25 S25+ S25 UltraZ Fold 2 3 4 5 6  Z Flip Flip 2 3 4 5 6Caracter\u00edsticas:Marca: SoulEntrada: 100-240V.Puertos: Tipo CSalida: Tipo C 3.0 Amp 20WColor: Blanco.El paquete incluye:1 Base de Carga.<\/p>\n","protected":false},"excerpt":{"rendered":"<p>CARGADOR SOUL CARGA RAPIDA PD QC 20W SIN CABLE CVQ-PD20W<\/p>\n","protected":false},"featured_media":465098,"template":"","meta":{"_joinchat":[]},"product_brand":[],"product_cat":[169,263],"product_tag":[],"class_list":{"0":"post-463917","1":"product","2":"type-product","3":"status-publish","4":"has-post-thumbnail","6":"product_cat-accesorios-168","7":"product_cat-cargadores","9":"first","10":"instock","11":"shipping-taxable","12":"purchasable","13":"product-type-simple"},"_links":{"self":[{"href":"https:\/\/tiendaomega.com.ar\/wp\/wp-json\/wp\/v2\/product\/463917","targetHints":{"allow":["GET"]}}],"collection":[{"href":"https:\/\/tiendaomega.com.ar\/wp\/wp-json\/wp\/v2\/product"}],"about":[{"href":"https:\/\/tiendaomega.com.ar\/wp\/wp-json\/wp\/v2\/types\/product"}],"wp:featuredmedia":[{"embeddable":true,"href":"https:\/\/tiendaomega.com.ar\/wp\/wp-json\/wp\/v2\/media\/465098"}],"wp:attachment":[{"href":"https:\/\/tiendaomega.com.ar\/wp\/wp-json\/wp\/v2\/media?parent=463917"}],"wp:term":[{"taxonomy":"product_brand","embeddable":true,"href":"https:\/\/tiendaomega.com.ar\/wp\/wp-json\/wp\/v2\/product_brand?post=463917"},{"taxonomy":"product_cat","embeddable":true,"href":"https:\/\/tiendaomega.com.ar\/wp\/wp-json\/wp\/v2\/product_cat?post=463917"},{"taxonomy":"product_tag","embeddable":true,"href":"https:\/\/tiendaomega.com.ar\/wp\/wp-json\/wp\/v2\/product_tag?post=463917"}],"curies":[{"name":"wp","href":"https:\/\/api.w.org\/{rel}","templated":true}]}}