{"id":463918,"date":"2026-01-09T12:49:46","date_gmt":"2026-01-09T15:49:46","guid":{"rendered":"https:\/\/tiendaomega.com.ar\/wp\/producto\/cargador-soul-carga-rapida-pd-35w-con-cable-lightning-cvq-x2pd35l\/"},"modified":"2026-05-01T12:18:40","modified_gmt":"2026-05-01T15:18:40","slug":"cargador-soul-carga-rapida-pd-35w-con-cable-lightning-cvq-x2pd35l","status":"publish","type":"product","link":"https:\/\/tiendaomega.com.ar\/wp\/producto\/cargador-soul-carga-rapida-pd-35w-con-cable-lightning-cvq-x2pd35l\/","title":{"rendered":"CARGADOR SOUL CARGA RAPIDA PD 35W CON CABLE LIGHTNING CVQ-X2PD35L"},"content":{"rendered":"<p>Descripci\u00f3nPotencia tu experiencia de carga con el cargador PD 35W Tipo C a Ficha lightning una soluci\u00f3n ideal para usuarios de iPhone que buscan rapidez y eficiencia. Dise\u00f1ado por la marca Soul este cargador de pared cuenta con una capacidad de carga de 35W optimizando el tiempo de carga de tus dispositivos m\u00f3viles compatibles como los modelos iPhone X 11 11 Pro 11 Pro Max y XS.El modelo Cvq-Pd combina un dise\u00f1o compacto y elegante con la tecnolog\u00eda USB-CLightning permitiendo una conexi\u00f3n f\u00e1cil y eficiente. Su cable incluido garantiza que siempre tengas todo lo que necesitas a mano para mantener tus dispositivos cargados y listos para usar en cualquier momento.Con su alta velocidad de carga podr\u00e1s disfrutar de un rendimiento \u00f3ptimo sin preocupaciones. Moderniza tu kit de carga con este cargador vers\u00e1til que se adapta a tus necesidades diarias y asegura que tu iPhone est\u00e9 siempre listo para acompasarte en tus actividades.<\/p>\n","protected":false},"excerpt":{"rendered":"<p>CARGADOR SOUL CARGA RAPIDA PD 35W CON CABLE LIGHTNING CVQ-X2PD35L<\/p>\n","protected":false},"featured_media":465541,"template":"","meta":{"_joinchat":[]},"product_brand":[],"product_cat":[169,263],"product_tag":[],"class_list":{"0":"post-463918","1":"product","2":"type-product","3":"status-publish","4":"has-post-thumbnail","6":"product_cat-accesorios-168","7":"product_cat-cargadores","9":"first","10":"instock","11":"shipping-taxable","12":"purchasable","13":"product-type-simple"},"_links":{"self":[{"href":"https:\/\/tiendaomega.com.ar\/wp\/wp-json\/wp\/v2\/product\/463918","targetHints":{"allow":["GET"]}}],"collection":[{"href":"https:\/\/tiendaomega.com.ar\/wp\/wp-json\/wp\/v2\/product"}],"about":[{"href":"https:\/\/tiendaomega.com.ar\/wp\/wp-json\/wp\/v2\/types\/product"}],"wp:featuredmedia":[{"embeddable":true,"href":"https:\/\/tiendaomega.com.ar\/wp\/wp-json\/wp\/v2\/media\/465541"}],"wp:attachment":[{"href":"https:\/\/tiendaomega.com.ar\/wp\/wp-json\/wp\/v2\/media?parent=463918"}],"wp:term":[{"taxonomy":"product_brand","embeddable":true,"href":"https:\/\/tiendaomega.com.ar\/wp\/wp-json\/wp\/v2\/product_brand?post=463918"},{"taxonomy":"product_cat","embeddable":true,"href":"https:\/\/tiendaomega.com.ar\/wp\/wp-json\/wp\/v2\/product_cat?post=463918"},{"taxonomy":"product_tag","embeddable":true,"href":"https:\/\/tiendaomega.com.ar\/wp\/wp-json\/wp\/v2\/product_tag?post=463918"}],"curies":[{"name":"wp","href":"https:\/\/api.w.org\/{rel}","templated":true}]}}