{"id":466515,"date":"2026-03-25T12:24:56","date_gmt":"2026-03-25T15:24:56","guid":{"rendered":"https:\/\/tiendaomega.com.ar\/wp\/producto\/placa-de-red-mercusys-pcix-wifi-ac1200-dual-band-2-antenas-ma30e-bluetooth-5-0\/"},"modified":"2026-05-16T14:05:39","modified_gmt":"2026-05-16T17:05:39","slug":"placa-de-red-mercusys-pcix-wifi-ac1200-dual-band-2-antenas-ma30e-bluetooth-5-0","status":"publish","type":"product","link":"https:\/\/tiendaomega.com.ar\/wp\/producto\/placa-de-red-mercusys-pcix-wifi-ac1200-dual-band-2-antenas-ma30e-bluetooth-5-0\/","title":{"rendered":"PLACA DE RED MERCUSYS PCIX WIFI AC1200 DUAL BAND 2 ANTENAS MA30E + BLUETOOTH 5.0"},"content":{"rendered":"<p>Fuerte velocidad de Wi-Fi de doble banda : velocidades de hasta 867 Mbps (5 GHz) + 300 Mbps (24 GHz)Cobertura de se\u00f1al m\u00e1s amplia : dos antenas de alto rendimientoBluetooth 5. 0 : la tecnolog\u00eda Bluetooth 5.0 logra velocidades m\u00e1s r\u00e1pidas y una cobertura m\u00e1s ampliaMU-MIMO : atiende simult\u00e1neamente a varios dispositivos sin m\u00e1s latencia ni congesti\u00f3n del ancho de banda<\/p>\n","protected":false},"excerpt":{"rendered":"<p>PLACA DE RED MERCUSYS PCIX WIFI AC1200 DUAL BAND 2 ANTENAS MA30E + BLUETOOTH 5.0<\/p>\n","protected":false},"featured_media":466627,"template":"","meta":{"_joinchat":[]},"product_brand":[],"product_cat":[255,256],"product_tag":[],"class_list":{"0":"post-466515","1":"product","2":"type-product","3":"status-publish","4":"has-post-thumbnail","6":"product_cat-conectividad","7":"product_cat-placas-wifi","9":"first","10":"outofstock","11":"shipping-taxable","12":"purchasable","13":"product-type-simple"},"_links":{"self":[{"href":"https:\/\/tiendaomega.com.ar\/wp\/wp-json\/wp\/v2\/product\/466515","targetHints":{"allow":["GET"]}}],"collection":[{"href":"https:\/\/tiendaomega.com.ar\/wp\/wp-json\/wp\/v2\/product"}],"about":[{"href":"https:\/\/tiendaomega.com.ar\/wp\/wp-json\/wp\/v2\/types\/product"}],"wp:featuredmedia":[{"embeddable":true,"href":"https:\/\/tiendaomega.com.ar\/wp\/wp-json\/wp\/v2\/media\/466627"}],"wp:attachment":[{"href":"https:\/\/tiendaomega.com.ar\/wp\/wp-json\/wp\/v2\/media?parent=466515"}],"wp:term":[{"taxonomy":"product_brand","embeddable":true,"href":"https:\/\/tiendaomega.com.ar\/wp\/wp-json\/wp\/v2\/product_brand?post=466515"},{"taxonomy":"product_cat","embeddable":true,"href":"https:\/\/tiendaomega.com.ar\/wp\/wp-json\/wp\/v2\/product_cat?post=466515"},{"taxonomy":"product_tag","embeddable":true,"href":"https:\/\/tiendaomega.com.ar\/wp\/wp-json\/wp\/v2\/product_tag?post=466515"}],"curies":[{"name":"wp","href":"https:\/\/api.w.org\/{rel}","templated":true}]}}