{"id":467654,"date":"2026-04-18T10:35:45","date_gmt":"2026-04-18T13:35:45","guid":{"rendered":"https:\/\/tiendaomega.com.ar\/wp\/producto\/auricular-soul-in-ear-blanco-tws1000bl\/"},"modified":"2026-04-18T13:38:04","modified_gmt":"2026-04-18T16:38:04","slug":"auricular-soul-in-ear-blanco-tws1000bl","status":"publish","type":"product","link":"https:\/\/tiendaomega.com.ar\/wp\/producto\/auricular-soul-in-ear-blanco-tws1000bl\/","title":{"rendered":"AURICULAR SOUL IN EAR BLANCO TWS1000BL"},"content":{"rendered":"<p>Cantidad de pares: 1.Formato in-ear que permite el ajuste interno del canal auditivo para mantener la sujeci\u00f3n durante el uso cotidiano.Conectividad Bluetooth que habilita el uso inal\u00e1mbrico y elimina el uso de cables f\u00edsicos conectados al dispositivo.Botones t\u00e1ctiles integrados que permiten gestionar la reproducci\u00f3n de audio y el control de llamadas directamente.Funci\u00f3n manos libres con micr\u00f3fono incorporado que habilita la comunicaci\u00f3n telef\u00f3nica sin utilizar el tel\u00e9fono m\u00f3vil.Estuche de carga incluido que permite el almacenamiento y la recarga de energ\u00eda de los auriculares tras su uso.Tecnolog\u00eda TWS que permite el emparejamiento simult\u00e1neo de ambos auriculares para la reproducci\u00f3n de audio est\u00e9reo.<\/p>\n","protected":false},"excerpt":{"rendered":"<p>AURICULAR SOUL IN EAR BLANCO TWS1000BL<\/p>\n","protected":false},"featured_media":0,"template":"","meta":{"_joinchat":[]},"product_brand":[],"product_cat":[164,166],"product_tag":[],"class_list":{"0":"post-467654","1":"product","2":"type-product","3":"status-publish","5":"product_cat-auriculares","6":"product_cat-bluetooth","8":"first","9":"instock","10":"shipping-taxable","11":"purchasable","12":"product-type-simple"},"_links":{"self":[{"href":"https:\/\/tiendaomega.com.ar\/wp\/wp-json\/wp\/v2\/product\/467654","targetHints":{"allow":["GET"]}}],"collection":[{"href":"https:\/\/tiendaomega.com.ar\/wp\/wp-json\/wp\/v2\/product"}],"about":[{"href":"https:\/\/tiendaomega.com.ar\/wp\/wp-json\/wp\/v2\/types\/product"}],"wp:attachment":[{"href":"https:\/\/tiendaomega.com.ar\/wp\/wp-json\/wp\/v2\/media?parent=467654"}],"wp:term":[{"taxonomy":"product_brand","embeddable":true,"href":"https:\/\/tiendaomega.com.ar\/wp\/wp-json\/wp\/v2\/product_brand?post=467654"},{"taxonomy":"product_cat","embeddable":true,"href":"https:\/\/tiendaomega.com.ar\/wp\/wp-json\/wp\/v2\/product_cat?post=467654"},{"taxonomy":"product_tag","embeddable":true,"href":"https:\/\/tiendaomega.com.ar\/wp\/wp-json\/wp\/v2\/product_tag?post=467654"}],"curies":[{"name":"wp","href":"https:\/\/api.w.org\/{rel}","templated":true}]}}