{"id":468477,"date":"2026-04-27T19:43:34","date_gmt":"2026-04-27T22:43:34","guid":{"rendered":"https:\/\/tiendaomega.com.ar\/wp\/producto\/micro-amd-ryzen-5-8400f-am5-sin-video-4-2hz-4-7ghz-max-boost-6-nucleos-12-hilos\/"},"modified":"2026-04-28T15:06:35","modified_gmt":"2026-04-28T18:06:35","slug":"micro-amd-ryzen-5-8400f-am5-sin-video-4-2hz-4-7ghz-max-boost-6-nucleos-12-hilos","status":"publish","type":"product","link":"https:\/\/tiendaomega.com.ar\/wp\/producto\/micro-amd-ryzen-5-8400f-am5-sin-video-4-2hz-4-7ghz-max-boost-6-nucleos-12-hilos\/","title":{"rendered":"MICRO AMD RYZEN 5 8400F AM5 SIN VIDEO 4.2hz (4.7Ghz MAX BOOST) (6 Nucleos &#8211; 12 Hilos)"},"content":{"rendered":"<p>Socket AM5N\u00facleos totales 6Hilos totales 12Frecuencia base 4.2GHzFrecuencia m\u00e1xima 4.7GHzTipo de memoria RAM DDR5Velocidad m\u00e1xima de memoria RAM 5200MHzVersi\u00f3n de PCI Express PCIe 4.0<\/p>\n","protected":false},"excerpt":{"rendered":"<p>MICRO AMD RYZEN 5 8400F AM5 SIN VIDEO 4.2hz (4.7Ghz MAX BOOST) (6 Nucleos &#8211; 12 Hilos)<\/p>\n","protected":false},"featured_media":468479,"template":"","meta":{"_joinchat":[]},"product_brand":[],"product_cat":[224,264],"product_tag":[],"class_list":{"0":"post-468477","1":"product","2":"type-product","3":"status-publish","4":"has-post-thumbnail","6":"product_cat-componentes-de-pc","7":"product_cat-procesadores-amd","9":"first","10":"instock","11":"shipping-taxable","12":"purchasable","13":"product-type-simple"},"_links":{"self":[{"href":"https:\/\/tiendaomega.com.ar\/wp\/wp-json\/wp\/v2\/product\/468477","targetHints":{"allow":["GET"]}}],"collection":[{"href":"https:\/\/tiendaomega.com.ar\/wp\/wp-json\/wp\/v2\/product"}],"about":[{"href":"https:\/\/tiendaomega.com.ar\/wp\/wp-json\/wp\/v2\/types\/product"}],"wp:featuredmedia":[{"embeddable":true,"href":"https:\/\/tiendaomega.com.ar\/wp\/wp-json\/wp\/v2\/media\/468479"}],"wp:attachment":[{"href":"https:\/\/tiendaomega.com.ar\/wp\/wp-json\/wp\/v2\/media?parent=468477"}],"wp:term":[{"taxonomy":"product_brand","embeddable":true,"href":"https:\/\/tiendaomega.com.ar\/wp\/wp-json\/wp\/v2\/product_brand?post=468477"},{"taxonomy":"product_cat","embeddable":true,"href":"https:\/\/tiendaomega.com.ar\/wp\/wp-json\/wp\/v2\/product_cat?post=468477"},{"taxonomy":"product_tag","embeddable":true,"href":"https:\/\/tiendaomega.com.ar\/wp\/wp-json\/wp\/v2\/product_tag?post=468477"}],"curies":[{"name":"wp","href":"https:\/\/api.w.org\/{rel}","templated":true}]}}