{"id":4688,"date":"2020-11-17T07:40:52","date_gmt":"2020-11-17T10:40:52","guid":{"rendered":"https:\/\/tiendaomega.com.ar\/producto\/gabinete-redragon-devastator-gc-550\/"},"modified":"2025-11-21T17:56:00","modified_gmt":"2025-11-21T20:56:00","slug":"gabinete-redragon-devastator-gc-550","status":"publish","type":"product","link":"https:\/\/tiendaomega.com.ar\/wp\/producto\/gabinete-redragon-devastator-gc-550\/","title":{"rendered":"GABINETE REDRAGON DEVASTATOR GC-550"},"content":{"rendered":"<p>-Materiales: Chasis de acero negro, Plastico ABS cepillado, Acrilico en el panel lateral izquierdo-Soporta motherboards: ATX y Micro ATX-Puertos de Expansi\u00f3n: 7-Bah\u00edas: 2 unidades de disco duro de 3,5? + 2 unidades SSD 2,5?-Puerto IO Frontal: USB 3.0\u00d71, USB 2.0\u00d72, Audio + Mic, Boton Power, Boton Reset, Bot\u00f3n RGB-Coolers Pre instalados: 1x 120 mm posterior-Cantidad m\u00e1xima para coolers: 6 (2 frontales, 2 superiores, 1 posterior)-Soporte Watercooling: No-Altura m\u00e1xima CPU Cooler: 157 mm-Largo m\u00e1ximo GPU: 370 mm-Peso: 4.5 kg-Dimensiones: 44.5(Alto)x 38(Largo)x 18.8(Ancho) cm<\/p>\n","protected":false},"excerpt":{"rendered":"<p>GABINETE REDRAGON DEVASTATOR GC-550<\/p>\n","protected":false},"featured_media":456647,"template":"","meta":{"_joinchat":[]},"product_brand":[],"product_cat":[224,229],"product_tag":[],"class_list":{"0":"post-4688","1":"product","2":"type-product","3":"status-publish","4":"has-post-thumbnail","6":"product_cat-componentes-de-pc","7":"product_cat-gabinetes","9":"first","10":"instock","11":"sale","12":"shipping-taxable","13":"purchasable","14":"product-type-simple"},"_links":{"self":[{"href":"https:\/\/tiendaomega.com.ar\/wp\/wp-json\/wp\/v2\/product\/4688","targetHints":{"allow":["GET"]}}],"collection":[{"href":"https:\/\/tiendaomega.com.ar\/wp\/wp-json\/wp\/v2\/product"}],"about":[{"href":"https:\/\/tiendaomega.com.ar\/wp\/wp-json\/wp\/v2\/types\/product"}],"wp:featuredmedia":[{"embeddable":true,"href":"https:\/\/tiendaomega.com.ar\/wp\/wp-json\/wp\/v2\/media\/456647"}],"wp:attachment":[{"href":"https:\/\/tiendaomega.com.ar\/wp\/wp-json\/wp\/v2\/media?parent=4688"}],"wp:term":[{"taxonomy":"product_brand","embeddable":true,"href":"https:\/\/tiendaomega.com.ar\/wp\/wp-json\/wp\/v2\/product_brand?post=4688"},{"taxonomy":"product_cat","embeddable":true,"href":"https:\/\/tiendaomega.com.ar\/wp\/wp-json\/wp\/v2\/product_cat?post=4688"},{"taxonomy":"product_tag","embeddable":true,"href":"https:\/\/tiendaomega.com.ar\/wp\/wp-json\/wp\/v2\/product_tag?post=4688"}],"curies":[{"name":"wp","href":"https:\/\/api.w.org\/{rel}","templated":true}]}}