{"id":5159,"date":"2020-11-17T07:59:01","date_gmt":"2020-11-17T10:59:01","guid":{"rendered":"https:\/\/tiendaomega.com.ar\/producto\/teclado-y-mouse-noganet-nkb-200-w-a-s-d-reforzadas\/"},"modified":"2026-02-13T10:05:42","modified_gmt":"2026-02-13T13:05:42","slug":"teclado-y-mouse-noganet-nkb-200-w-a-s-d-reforzadas","status":"publish","type":"product","link":"https:\/\/tiendaomega.com.ar\/wp\/producto\/teclado-y-mouse-noganet-nkb-200-w-a-s-d-reforzadas\/","title":{"rendered":"TECLADO Y MOUSE NOGANET NKB-200 (W-A-S-D reforzadas)"},"content":{"rendered":"<p>Teclado:- Teclas calves reforzadas- Dise\u00f1o de avanzada- Conexion USB Mouse:- Soporta clics Fuertes- Conexion USB- Resoluci\u00f3n de 1000 DPI- Dise\u00f1o Mini-Ergon\u00f3mico<\/p>\n","protected":false},"excerpt":{"rendered":"<p>TECLADO Y MOUSE NOGANET NKB-200 (W-A-S-D reforzadas) <\/p>\n","protected":false},"featured_media":465018,"template":"","meta":{"_joinchat":[]},"product_brand":[],"product_cat":[150,147],"product_tag":[],"class_list":{"0":"post-5159","1":"product","2":"type-product","3":"status-publish","4":"has-post-thumbnail","6":"product_cat-combos","7":"product_cat-perifericos","9":"first","10":"instock","11":"shipping-taxable","12":"purchasable","13":"product-type-simple"},"_links":{"self":[{"href":"https:\/\/tiendaomega.com.ar\/wp\/wp-json\/wp\/v2\/product\/5159","targetHints":{"allow":["GET"]}}],"collection":[{"href":"https:\/\/tiendaomega.com.ar\/wp\/wp-json\/wp\/v2\/product"}],"about":[{"href":"https:\/\/tiendaomega.com.ar\/wp\/wp-json\/wp\/v2\/types\/product"}],"wp:featuredmedia":[{"embeddable":true,"href":"https:\/\/tiendaomega.com.ar\/wp\/wp-json\/wp\/v2\/media\/465018"}],"wp:attachment":[{"href":"https:\/\/tiendaomega.com.ar\/wp\/wp-json\/wp\/v2\/media?parent=5159"}],"wp:term":[{"taxonomy":"product_brand","embeddable":true,"href":"https:\/\/tiendaomega.com.ar\/wp\/wp-json\/wp\/v2\/product_brand?post=5159"},{"taxonomy":"product_cat","embeddable":true,"href":"https:\/\/tiendaomega.com.ar\/wp\/wp-json\/wp\/v2\/product_cat?post=5159"},{"taxonomy":"product_tag","embeddable":true,"href":"https:\/\/tiendaomega.com.ar\/wp\/wp-json\/wp\/v2\/product_tag?post=5159"}],"curies":[{"name":"wp","href":"https:\/\/api.w.org\/{rel}","templated":true}]}}