{"id":5193,"date":"2020-11-17T07:59:36","date_gmt":"2020-11-17T10:59:36","guid":{"rendered":"https:\/\/tiendaomega.com.ar\/producto\/cargador-para-auto-5-1a-noga-3-salidas-car-usb-17a\/"},"modified":"2025-10-02T10:41:48","modified_gmt":"2025-10-02T13:41:48","slug":"cargador-para-auto-5-1a-noga-3-salidas-car-usb-17a","status":"publish","type":"product","link":"https:\/\/tiendaomega.com.ar\/wp\/producto\/cargador-para-auto-5-1a-noga-3-salidas-car-usb-17a\/","title":{"rendered":"CARGADOR PARA AUTO 5.1A NOGA 3 SALIDAS CAR USB 17A"},"content":{"rendered":"<p>Para que tus dispositivos est\u00e9n siempre encendidos. Recarga Tablets, GPS, Celulares, C\u00e1maras, MP3MP4; etc. Puede cargar 3 dispositivos simult\u00e1neamente. Carg\u00e1 todo a toda velocidad.-Cargador 12V por USB.-Se conecta al encendedor del auto.-Conector de Entrada de DC12V-24V.-1 Puerto USB de Salida de DC5V-2400mAh.-1 Puerto USB de Salida de DC5V-1500mAh.-1 Puerto USB de Salida de DC5V-1200mAh.-LED de funcionamiento.-Dise\u00f1o ultra-compacto.-Puede cargar 3 dispositivos simult\u00e1neamente.<\/p>\n","protected":false},"excerpt":{"rendered":"<p>CARGADOR PARA AUTO 5.1A NOGA 3 SALIDAS CAR USB 17A<\/p>\n","protected":false},"featured_media":187178,"template":"","meta":{"_joinchat":[]},"product_brand":[],"product_cat":[169,263],"product_tag":[],"class_list":{"0":"post-5193","1":"product","2":"type-product","3":"status-publish","4":"has-post-thumbnail","6":"product_cat-accesorios-168","7":"product_cat-cargadores","9":"first","10":"outofstock","11":"shipping-taxable","12":"purchasable","13":"product-type-simple"},"_links":{"self":[{"href":"https:\/\/tiendaomega.com.ar\/wp\/wp-json\/wp\/v2\/product\/5193","targetHints":{"allow":["GET"]}}],"collection":[{"href":"https:\/\/tiendaomega.com.ar\/wp\/wp-json\/wp\/v2\/product"}],"about":[{"href":"https:\/\/tiendaomega.com.ar\/wp\/wp-json\/wp\/v2\/types\/product"}],"wp:featuredmedia":[{"embeddable":true,"href":"https:\/\/tiendaomega.com.ar\/wp\/wp-json\/wp\/v2\/media\/187178"}],"wp:attachment":[{"href":"https:\/\/tiendaomega.com.ar\/wp\/wp-json\/wp\/v2\/media?parent=5193"}],"wp:term":[{"taxonomy":"product_brand","embeddable":true,"href":"https:\/\/tiendaomega.com.ar\/wp\/wp-json\/wp\/v2\/product_brand?post=5193"},{"taxonomy":"product_cat","embeddable":true,"href":"https:\/\/tiendaomega.com.ar\/wp\/wp-json\/wp\/v2\/product_cat?post=5193"},{"taxonomy":"product_tag","embeddable":true,"href":"https:\/\/tiendaomega.com.ar\/wp\/wp-json\/wp\/v2\/product_tag?post=5193"}],"curies":[{"name":"wp","href":"https:\/\/api.w.org\/{rel}","templated":true}]}}