{"id":5312,"date":"2020-11-17T08:02:07","date_gmt":"2020-11-17T11:02:07","guid":{"rendered":"https:\/\/tiendaomega.com.ar\/producto\/mouse-inalambrico-curvo-klip-extreme-azul\/"},"modified":"2025-10-02T10:41:08","modified_gmt":"2025-10-02T13:41:08","slug":"mouse-inalambrico-curvo-klip-extreme-azul","status":"publish","type":"product","link":"https:\/\/tiendaomega.com.ar\/wp\/producto\/mouse-inalambrico-curvo-klip-extreme-azul\/","title":{"rendered":"MOUSE INALAMBRICO CURVO KLIP EXTREME AZUL"},"content":{"rendered":"<p>-Tipo de sensor: \u00d3ptico-Es inal\u00e1mbrico USB: S\u00ed-Con Bluetooth: No-Con cable: No-Resoluci\u00f3n del sensor: 1600 dpi-Con cable retr\u00e1ctil: No<\/p>\n","protected":false},"excerpt":{"rendered":"<p>MOUSE INALAMBRICO CURVO KLIP EXTREME AZUL<\/p>\n","protected":false},"featured_media":187550,"template":"","meta":{"_joinchat":[]},"product_brand":[],"product_cat":[148,147],"product_tag":[],"class_list":{"0":"post-5312","1":"product","2":"type-product","3":"status-publish","4":"has-post-thumbnail","6":"product_cat-mouse","7":"product_cat-perifericos","9":"first","10":"outofstock","11":"shipping-taxable","12":"purchasable","13":"product-type-simple"},"_links":{"self":[{"href":"https:\/\/tiendaomega.com.ar\/wp\/wp-json\/wp\/v2\/product\/5312","targetHints":{"allow":["GET"]}}],"collection":[{"href":"https:\/\/tiendaomega.com.ar\/wp\/wp-json\/wp\/v2\/product"}],"about":[{"href":"https:\/\/tiendaomega.com.ar\/wp\/wp-json\/wp\/v2\/types\/product"}],"wp:featuredmedia":[{"embeddable":true,"href":"https:\/\/tiendaomega.com.ar\/wp\/wp-json\/wp\/v2\/media\/187550"}],"wp:attachment":[{"href":"https:\/\/tiendaomega.com.ar\/wp\/wp-json\/wp\/v2\/media?parent=5312"}],"wp:term":[{"taxonomy":"product_brand","embeddable":true,"href":"https:\/\/tiendaomega.com.ar\/wp\/wp-json\/wp\/v2\/product_brand?post=5312"},{"taxonomy":"product_cat","embeddable":true,"href":"https:\/\/tiendaomega.com.ar\/wp\/wp-json\/wp\/v2\/product_cat?post=5312"},{"taxonomy":"product_tag","embeddable":true,"href":"https:\/\/tiendaomega.com.ar\/wp\/wp-json\/wp\/v2\/product_tag?post=5312"}],"curies":[{"name":"wp","href":"https:\/\/api.w.org\/{rel}","templated":true}]}}