{"id":5339,"date":"2020-11-17T08:02:57","date_gmt":"2020-11-17T11:02:57","guid":{"rendered":"https:\/\/tiendaomega.com.ar\/producto\/mouse-gtc-mog-107\/"},"modified":"2025-12-15T09:36:46","modified_gmt":"2025-12-15T12:36:46","slug":"mouse-gtc-mog-107","status":"publish","type":"product","link":"https:\/\/tiendaomega.com.ar\/wp\/producto\/mouse-gtc-mog-107\/","title":{"rendered":"MOUSE GTC MOG-107"},"content":{"rendered":"<p>-Tipo de mouse: Convencional USB-Cant de botones: 3-Tipo de sensor: \u00d3ptico-Tecnolog\u00eda del sensor: Run on Shine-Es inal\u00e1mbrico USB: No-Con Bluetooth: No-Con cable: S\u00ed-Resoluci\u00f3n del sensor: 800 dpi<\/p>\n","protected":false},"excerpt":{"rendered":"<p>MOUSE GTC MOG-107<\/p>\n","protected":false},"featured_media":457790,"template":"","meta":{"_joinchat":[]},"product_brand":[],"product_cat":[148,147],"product_tag":[],"class_list":{"0":"post-5339","1":"product","2":"type-product","3":"status-publish","4":"has-post-thumbnail","6":"product_cat-mouse","7":"product_cat-perifericos","9":"first","10":"instock","11":"shipping-taxable","12":"purchasable","13":"product-type-simple"},"_links":{"self":[{"href":"https:\/\/tiendaomega.com.ar\/wp\/wp-json\/wp\/v2\/product\/5339","targetHints":{"allow":["GET"]}}],"collection":[{"href":"https:\/\/tiendaomega.com.ar\/wp\/wp-json\/wp\/v2\/product"}],"about":[{"href":"https:\/\/tiendaomega.com.ar\/wp\/wp-json\/wp\/v2\/types\/product"}],"wp:featuredmedia":[{"embeddable":true,"href":"https:\/\/tiendaomega.com.ar\/wp\/wp-json\/wp\/v2\/media\/457790"}],"wp:attachment":[{"href":"https:\/\/tiendaomega.com.ar\/wp\/wp-json\/wp\/v2\/media?parent=5339"}],"wp:term":[{"taxonomy":"product_brand","embeddable":true,"href":"https:\/\/tiendaomega.com.ar\/wp\/wp-json\/wp\/v2\/product_brand?post=5339"},{"taxonomy":"product_cat","embeddable":true,"href":"https:\/\/tiendaomega.com.ar\/wp\/wp-json\/wp\/v2\/product_cat?post=5339"},{"taxonomy":"product_tag","embeddable":true,"href":"https:\/\/tiendaomega.com.ar\/wp\/wp-json\/wp\/v2\/product_tag?post=5339"}],"curies":[{"name":"wp","href":"https:\/\/api.w.org\/{rel}","templated":true}]}}