{"id":5808,"date":"2020-11-25T14:01:35","date_gmt":"2020-11-25T17:01:35","guid":{"rendered":"https:\/\/tiendaomega.com.ar\/producto\/microfono-con-condensador-profesional-skyway-con-soporte-usb-gm-4030\/"},"modified":"2025-10-02T11:49:06","modified_gmt":"2025-10-02T14:49:06","slug":"microfono-con-condensador-profesional-skyway-con-soporte-usb-gm-4030","status":"publish","type":"product","link":"https:\/\/tiendaomega.com.ar\/wp\/producto\/microfono-con-condensador-profesional-skyway-con-soporte-usb-gm-4030\/","title":{"rendered":"MICROFONO CON CONDENSADOR PROFESIONAL SKYWAY CON SOPORTE &#8211; USB &#8211; GM-4030 &#8211; M1"},"content":{"rendered":"<p>KIT DE MICROFONO PARA STREAMING CON CONDENSADORMODELO: GM-4030  M1MARCA: SKYWAYPRODUCTO NUEVO EN SU CAJA ORIGINALDESCRIPCI\u00d3NCARACTER\u00cdSTICAS TECNICAS* Adopta una cabeza de sonido de diafragma grande con recubrimiento, estructura especial, alta sensibilidad y bajo nivel de ruido.* Dise\u00f1o de malla de doble capa, fuerte resistencia a ca\u00eddas y mayor resistencia a la corrosi\u00f3n.* Dimensiones del paquete: 41.5 x 20 x 6 cm* Sonido hesd: Capacitivo* Respuesta de Frecuencia: 30HZ~20Khz* Ditectividad: Heart-Saped (0\u00ba~180\u00ba@1KHz&gt;5db)* Nivel mas alto: 120dB S.P.L* Relaci\u00f3n Se\u00f1alRuido: 10dB* Sensitibilidad: 25mVPa (-32dB \u00b1 2db)* Funci\u00f3n de palabras: +dB-+25dB ajustable* Linea de salida de audio: O 5mm x 3m* USB cable: O plug chapado en oro de 3.5mm* Fuente de Alimentaci\u00f3n: USB DCSVCONTENIDO DE LA CAJA- Micr\u00f3fono Condenser- Manual en ingl\u00e9s<\/p>\n","protected":false},"excerpt":{"rendered":"<p>MICROFONO CON CONDENSADOR PROFESIONAL SKYWAY CON SOPORTE &#8211; USB &#8211; GM-4030 &#8211; M1<\/p>\n","protected":false},"featured_media":440764,"template":"","meta":{"_joinchat":[]},"product_brand":[],"product_cat":[152,147],"product_tag":[],"class_list":{"0":"post-5808","1":"product","2":"type-product","3":"status-publish","4":"has-post-thumbnail","6":"product_cat-microfonos","7":"product_cat-perifericos","9":"first","10":"outofstock","11":"shipping-taxable","12":"purchasable","13":"product-type-simple"},"_links":{"self":[{"href":"https:\/\/tiendaomega.com.ar\/wp\/wp-json\/wp\/v2\/product\/5808","targetHints":{"allow":["GET"]}}],"collection":[{"href":"https:\/\/tiendaomega.com.ar\/wp\/wp-json\/wp\/v2\/product"}],"about":[{"href":"https:\/\/tiendaomega.com.ar\/wp\/wp-json\/wp\/v2\/types\/product"}],"wp:featuredmedia":[{"embeddable":true,"href":"https:\/\/tiendaomega.com.ar\/wp\/wp-json\/wp\/v2\/media\/440764"}],"wp:attachment":[{"href":"https:\/\/tiendaomega.com.ar\/wp\/wp-json\/wp\/v2\/media?parent=5808"}],"wp:term":[{"taxonomy":"product_brand","embeddable":true,"href":"https:\/\/tiendaomega.com.ar\/wp\/wp-json\/wp\/v2\/product_brand?post=5808"},{"taxonomy":"product_cat","embeddable":true,"href":"https:\/\/tiendaomega.com.ar\/wp\/wp-json\/wp\/v2\/product_cat?post=5808"},{"taxonomy":"product_tag","embeddable":true,"href":"https:\/\/tiendaomega.com.ar\/wp\/wp-json\/wp\/v2\/product_tag?post=5808"}],"curies":[{"name":"wp","href":"https:\/\/api.w.org\/{rel}","templated":true}]}}